{"id":10607,"date":"2022-01-26T00:34:56","date_gmt":"2022-01-25T23:34:56","guid":{"rendered":"http:\/\/www.zaphirogroup.com\/politica-de-cookies\/"},"modified":"2022-01-27T18:12:25","modified_gmt":"2022-01-27T17:12:25","slug":"politica-de-cookies","status":"publish","type":"page","link":"https:\/\/www.zaphirogroup.com\/en\/politica-de-cookies\/","title":{"rendered":"Cookies policy"},"content":{"rendered":"\n<p><\/p>\n\n\n\n<p>ZAPHIRO GRUPO DISTRIBUCION GENERAL SL informa que una cookie es un fichero que se descarga en su ordenador al acceder a determinadas p\u00e1gina webs web. Las cookies permiten a una p\u00e1gina web \u00a0ZAPHIRO@ZAPHIROGROUP.COM\u00a0 , entre otras cosas, almacenar y recuperar informaci\u00f3n sobre los h\u00e1bitos de navegaci\u00f3n de un usuario o de su equipo y, dependiendo de la informaci\u00f3n que contengan y de la forma en que utilice su equipo, pueden utilizarse para reconocer al usuario.<\/p>\n\n\n\n<p>En nuestro sitio web, utilizamos dos tipos de cookies:<\/p>\n\n\n\n<ul><li><strong>Google Analytics:<\/strong>&nbsp;<strong>Cookies anal\u00edticas,<\/strong>&nbsp;son aqu\u00e9llas que bien tratadas por nosotros o por terceros, nos permiten cuantificar el n\u00famero de usuarios y as\u00ed realizar la medici\u00f3n y an\u00e1lisis estad\u00edstico de la utilizaci\u00f3n que hacen los usuarios del servicio ofertado. Para ello se analiza su navegaci\u00f3n en nuestra p\u00e1gina web &nbsp;ZAPHIRO@ZAPHIROGROUP.COM&nbsp; &nbsp;con el fin de mejorar la oferta de productos o servicios que le ofrecemos.<\/li><li><strong>Google Adsense: Cookies publicitarias, s<\/strong>on aqu\u00e9llas que, bien tratadas por nosotros o por terceros, nos permiten gestionar de la forma m\u00e1s eficaz posible la oferta de los espacios publicitarios que hay en la p\u00e1gina web &nbsp;ZAPHIRO@ZAPHIROGROUP.COM&nbsp; , adecuando el contenido del anuncio al contenido del servicio solicitado o al uso que realice de nuestra p\u00e1gina web &nbsp;ZAPHIRO@ZAPHIROGROUP.COM&nbsp; . Para ello podemos analizar sus h\u00e1bitos de navegaci\u00f3n en Internet y podemos mostrarle publicidad relacionada con su perfil de navegaci\u00f3n.&nbsp;<\/li><\/ul>\n\n\n\n<p>Consulte en este&nbsp;<a rel=\"noreferrer noopener\" href=\"http:\/\/www.google.com\/intl\/es_ALL\/policies\/privacy\/\" target=\"_blank\">enlace<\/a>&nbsp;&nbsp;donde puede consultar la pol\u00edtica de privacidad de esto servicios de Google.<\/p>\n\n\n\n<h3 id=\"revocacion-y-eliminacion-de-cookies\">Revocaci\u00f3n y eliminaci\u00f3n de cookies<\/h3>\n\n\n\n<p>Puedes permitir, bloquear o eliminar las cookies instaladas en tu ordenador mediante la configuraci\u00f3n de las opciones del navegador instalado en tu ordenador.<\/p>\n\n\n\n<p>En caso uses otro navegador te dejamos los enlaces que te permitir\u00e1n configurar el uso de las cookies:<\/p>\n\n\n\n<ul><li>Para m\u00e1s informaci\u00f3n sobre el navegador\u00a0<strong>Firefox<\/strong>\u00a0pulse\u00a0<a rel=\"noreferrer noopener\" href=\"http:\/\/support.mozilla.org\/es\/kb\/cookies-informacion-que-los-sitios-web-guardan-en-\" target=\"_blank\">aqu\u00ed<\/a>.\u00a0<\/li><li>Para m\u00e1s informaci\u00f3n sobre el navegador\u00a0<strong>Chrome<\/strong>\u00a0pulse\u00a0<a rel=\"noreferrer noopener\" href=\"https:\/\/support.google.com\/chrome\/answer\/95647?hl=es\" target=\"_blank\">aqu\u00ed<\/a>.<\/li><li>Para m\u00e1s informaci\u00f3n sobre el navegador\u00a0<strong>Explorer<\/strong>\u00a0pulse\u00a0<a rel=\"noreferrer noopener\" href=\"http:\/\/windows.microsoft.com\/es-es\/internet-explorer\/delete-manage-cookies#ie=ie-11\" target=\"_blank\">aqu\u00ed<\/a>.<\/li><li>Para m\u00e1s informaci\u00f3n sobre el navegador\u00a0<strong>Safari<\/strong>\u00a0desde\u00a0<a rel=\"noreferrer noopener\" href=\"http:\/\/support.apple.com\/kb\/HT1677?viewlocale=es_ES&amp;locale=es_ES\" target=\"_blank\">aqu\u00ed<\/a>.<\/li><li>Para m\u00e1s informaci\u00f3n sobre el navegador Opera:\u00a0<a href=\"http:\/\/help.opera.com\/Mac\/12.10\/es-LA\/cookies.html\">Opera<\/a><\/li><\/ul>\n\n\n\n<p><\/p>\n","protected":false},"excerpt":{"rendered":"<p>ZAPHIRO GRUPO DISTRIBUCION GENERAL SL informa que una cookie es un fichero que se descarga en su ordenador al acceder a determinadas p\u00e1gina webs web. Las cookies permiten a una p\u00e1gina web \u00a0ZAPHIRO@ZAPHIROGROUP.COM\u00a0 , entre otras cosas, almacenar y recuperar informaci\u00f3n sobre los h\u00e1bitos de navegaci\u00f3n de un usuario o de su equipo y, dependiendo &hellip;<\/p>\n<p class=\"read-more\"> <a class=\"\" href=\"https:\/\/www.zaphirogroup.com\/en\/politica-de-cookies\/\"> <span class=\"screen-reader-text\">Cookies policy<\/span> Read More &raquo;<\/a><\/p>\n","protected":false},"author":1,"featured_media":0,"parent":0,"menu_order":0,"comment_status":"closed","ping_status":"closed","template":"","meta":{"site-sidebar-layout":"default","site-content-layout":"default","ast-global-header-display":"","ast-main-header-display":"","ast-hfb-above-header-display":"","ast-hfb-below-header-display":"","ast-hfb-mobile-header-display":"","site-post-title":"","ast-breadcrumbs-content":"","ast-featured-img":"","footer-sml-layout":"","theme-transparent-header-meta":"","adv-header-id-meta":"","stick-header-meta":"","header-above-stick-meta":"","header-main-stick-meta":"","header-below-stick-meta":""},"yoast_head":"<!-- This site is optimized with the Yoast SEO plugin v18.4.1 - https:\/\/yoast.com\/wordpress\/plugins\/seo\/ -->\n<title>Cookies policy - zaphirogroup<\/title>\n<meta name=\"robots\" content=\"index, follow, max-snippet:-1, max-image-preview:large, max-video-preview:-1\" \/>\n<link rel=\"canonical\" href=\"https:\/\/www.zaphirogroup.com\/en\/politica-de-cookies\/\" \/>\n<meta property=\"og:locale\" content=\"en_US\" \/>\n<meta property=\"og:type\" content=\"article\" \/>\n<meta property=\"og:title\" content=\"Cookies policy - zaphirogroup\" \/>\n<meta property=\"og:description\" content=\"ZAPHIRO GRUPO DISTRIBUCION GENERAL SL informa que una cookie es un fichero que se descarga en su ordenador al acceder a determinadas p\u00e1gina webs web. Las cookies permiten a una p\u00e1gina web \u00a0ZAPHIRO@ZAPHIROGROUP.COM\u00a0 , entre otras cosas, almacenar y recuperar informaci\u00f3n sobre los h\u00e1bitos de navegaci\u00f3n de un usuario o de su equipo y, dependiendo &hellip; Cookies policy Read More &raquo;\" \/>\n<meta property=\"og:url\" content=\"https:\/\/www.zaphirogroup.com\/en\/politica-de-cookies\/\" \/>\n<meta property=\"og:site_name\" content=\"zaphirogroup\" \/>\n<meta property=\"article:modified_time\" content=\"2022-01-27T17:12:25+00:00\" \/>\n<meta name=\"twitter:card\" content=\"summary_large_image\" \/>\n<meta name=\"twitter:label1\" content=\"Est. reading time\" \/>\n\t<meta name=\"twitter:data1\" content=\"2 minutes\" \/>\n<script type=\"application\/ld+json\" class=\"yoast-schema-graph\">{\"@context\":\"https:\/\/schema.org\",\"@graph\":[{\"@type\":\"WebSite\",\"@id\":\"https:\/\/www.zaphirogroup.com\/#website\",\"url\":\"https:\/\/www.zaphirogroup.com\/\",\"name\":\"zaphirogroup\",\"description\":\"\",\"potentialAction\":[{\"@type\":\"SearchAction\",\"target\":{\"@type\":\"EntryPoint\",\"urlTemplate\":\"https:\/\/www.zaphirogroup.com\/?s={search_term_string}\"},\"query-input\":\"required name=search_term_string\"}],\"inLanguage\":\"en-US\"},{\"@type\":\"WebPage\",\"@id\":\"https:\/\/www.zaphirogroup.com\/en\/politica-de-cookies\/#webpage\",\"url\":\"https:\/\/www.zaphirogroup.com\/en\/politica-de-cookies\/\",\"name\":\"Cookies policy - zaphirogroup\",\"isPartOf\":{\"@id\":\"https:\/\/www.zaphirogroup.com\/#website\"},\"datePublished\":\"2022-01-25T23:34:56+00:00\",\"dateModified\":\"2022-01-27T17:12:25+00:00\",\"breadcrumb\":{\"@id\":\"https:\/\/www.zaphirogroup.com\/en\/politica-de-cookies\/#breadcrumb\"},\"inLanguage\":\"en-US\",\"potentialAction\":[{\"@type\":\"ReadAction\",\"target\":[\"https:\/\/www.zaphirogroup.com\/en\/politica-de-cookies\/\"]}]},{\"@type\":\"BreadcrumbList\",\"@id\":\"https:\/\/www.zaphirogroup.com\/en\/politica-de-cookies\/#breadcrumb\",\"itemListElement\":[{\"@type\":\"ListItem\",\"position\":1,\"name\":\"Portada\",\"item\":\"https:\/\/www.zaphirogroup.com\/\"},{\"@type\":\"ListItem\",\"position\":2,\"name\":\"Cookies policy\"}]}]}<\/script>\n<!-- \/ Yoast SEO plugin. -->","yoast_head_json":{"title":"Cookies policy - zaphirogroup","robots":{"index":"index","follow":"follow","max-snippet":"max-snippet:-1","max-image-preview":"max-image-preview:large","max-video-preview":"max-video-preview:-1"},"canonical":"https:\/\/www.zaphirogroup.com\/en\/politica-de-cookies\/","og_locale":"en_US","og_type":"article","og_title":"Cookies policy - zaphirogroup","og_description":"ZAPHIRO GRUPO DISTRIBUCION GENERAL SL informa que una cookie es un fichero que se descarga en su ordenador al acceder a determinadas p\u00e1gina webs web. Las cookies permiten a una p\u00e1gina web \u00a0ZAPHIRO@ZAPHIROGROUP.COM\u00a0 , entre otras cosas, almacenar y recuperar informaci\u00f3n sobre los h\u00e1bitos de navegaci\u00f3n de un usuario o de su equipo y, dependiendo &hellip; Cookies policy Read More &raquo;","og_url":"https:\/\/www.zaphirogroup.com\/en\/politica-de-cookies\/","og_site_name":"zaphirogroup","article_modified_time":"2022-01-27T17:12:25+00:00","twitter_card":"summary_large_image","twitter_misc":{"Est. reading time":"2 minutes"},"schema":{"@context":"https:\/\/schema.org","@graph":[{"@type":"WebSite","@id":"https:\/\/www.zaphirogroup.com\/#website","url":"https:\/\/www.zaphirogroup.com\/","name":"zaphirogroup","description":"","potentialAction":[{"@type":"SearchAction","target":{"@type":"EntryPoint","urlTemplate":"https:\/\/www.zaphirogroup.com\/?s={search_term_string}"},"query-input":"required name=search_term_string"}],"inLanguage":"en-US"},{"@type":"WebPage","@id":"https:\/\/www.zaphirogroup.com\/en\/politica-de-cookies\/#webpage","url":"https:\/\/www.zaphirogroup.com\/en\/politica-de-cookies\/","name":"Cookies policy - zaphirogroup","isPartOf":{"@id":"https:\/\/www.zaphirogroup.com\/#website"},"datePublished":"2022-01-25T23:34:56+00:00","dateModified":"2022-01-27T17:12:25+00:00","breadcrumb":{"@id":"https:\/\/www.zaphirogroup.com\/en\/politica-de-cookies\/#breadcrumb"},"inLanguage":"en-US","potentialAction":[{"@type":"ReadAction","target":["https:\/\/www.zaphirogroup.com\/en\/politica-de-cookies\/"]}]},{"@type":"BreadcrumbList","@id":"https:\/\/www.zaphirogroup.com\/en\/politica-de-cookies\/#breadcrumb","itemListElement":[{"@type":"ListItem","position":1,"name":"Portada","item":"https:\/\/www.zaphirogroup.com\/"},{"@type":"ListItem","position":2,"name":"Cookies policy"}]}]}},"_links":{"self":[{"href":"https:\/\/www.zaphirogroup.com\/en\/wp-json\/wp\/v2\/pages\/10607"}],"collection":[{"href":"https:\/\/www.zaphirogroup.com\/en\/wp-json\/wp\/v2\/pages"}],"about":[{"href":"https:\/\/www.zaphirogroup.com\/en\/wp-json\/wp\/v2\/types\/page"}],"author":[{"embeddable":true,"href":"https:\/\/www.zaphirogroup.com\/en\/wp-json\/wp\/v2\/users\/1"}],"replies":[{"embeddable":true,"href":"https:\/\/www.zaphirogroup.com\/en\/wp-json\/wp\/v2\/comments?post=10607"}],"version-history":[{"count":2,"href":"https:\/\/www.zaphirogroup.com\/en\/wp-json\/wp\/v2\/pages\/10607\/revisions"}],"predecessor-version":[{"id":10683,"href":"https:\/\/www.zaphirogroup.com\/en\/wp-json\/wp\/v2\/pages\/10607\/revisions\/10683"}],"wp:attachment":[{"href":"https:\/\/www.zaphirogroup.com\/en\/wp-json\/wp\/v2\/media?parent=10607"}],"curies":[{"name":"wp","href":"https:\/\/api.w.org\/{rel}","templated":true}]}}