{"id":8913,"date":"2021-10-19T22:03:07","date_gmt":"2021-10-19T20:03:07","guid":{"rendered":"http:\/\/www.zaphirogroup.com\/comunicacion\/"},"modified":"2022-02-04T12:51:12","modified_gmt":"2022-02-04T11:51:12","slug":"comunicacion","status":"publish","type":"page","link":"https:\/\/www.zaphirogroup.com\/pt-pt\/comunicacion\/","title":{"rendered":"Comunica\u00e7\u00e3o"},"content":{"rendered":"\t\t<div data-elementor-type=\"wp-page\" data-elementor-id=\"8913\" class=\"elementor elementor-8913 elementor-3454\">\n\t\t\t\t\t\t\t\t\t<section class=\"elementor-section elementor-top-section elementor-element elementor-element-a95d2ec elementor-section-height-min-height elementor-section-boxed elementor-section-height-default elementor-section-items-middle\" data-id=\"a95d2ec\" data-element_type=\"section\" data-settings=\"{&quot;background_background&quot;:&quot;classic&quot;}\">\n\t\t\t\t\t\t\t<div class=\"elementor-background-overlay\"><\/div>\n\t\t\t\t\t\t\t<div class=\"elementor-container elementor-column-gap-default\">\n\t\t\t\t\t<div class=\"elementor-column elementor-col-100 elementor-top-column elementor-element elementor-element-84765dd\" data-id=\"84765dd\" data-element_type=\"column\">\n\t\t\t<div class=\"elementor-widget-wrap elementor-element-populated\">\n\t\t\t\t\t\t\t\t<section class=\"elementor-section elementor-inner-section elementor-element elementor-element-9de03f6 elementor-section-boxed elementor-section-height-default elementor-section-height-default\" data-id=\"9de03f6\" data-element_type=\"section\">\n\t\t\t\t\t\t<div class=\"elementor-container elementor-column-gap-default\">\n\t\t\t\t\t<div class=\"elementor-column elementor-col-33 elementor-inner-column elementor-element elementor-element-609c34f\" data-id=\"609c34f\" data-element_type=\"column\">\n\t\t\t<div class=\"elementor-widget-wrap elementor-element-populated\">\n\t\t\t\t\t\t\t\t<div class=\"elementor-element elementor-element-919608d elementor-view-stacked iconos elementor-shape-circle elementor-position-top elementor-mobile-position-top elementor-widget elementor-widget-icon-box\" data-id=\"919608d\" data-element_type=\"widget\" data-widget_type=\"icon-box.default\">\n\t\t\t\t<div class=\"elementor-widget-container\">\n\t\t\t<link rel=\"stylesheet\" href=\"https:\/\/www.zaphirogroup.com\/wp-content\/plugins\/elementor\/assets\/css\/widget-icon-box.min.css\">\t\t<div class=\"elementor-icon-box-wrapper\">\n\t\t\t\t\t\t<div class=\"elementor-icon-box-icon\">\n\t\t\t\t<a class=\"elementor-icon elementor-animation-shrink\" href=\"https:\/\/www.zaphirogroup.com\/pt-pt\/noticias\/\">\n\t\t\t\t<svg xmlns=\"http:\/\/www.w3.org\/2000\/svg\" xmlns:xlink=\"http:\/\/www.w3.org\/1999\/xlink\" xmlns:serif=\"http:\/\/www.serif.com\/\" width=\"100%\" height=\"100%\" viewBox=\"0 0 76 58\" xml:space=\"preserve\" style=\"fill-rule:evenodd;clip-rule:evenodd;stroke-linecap:square;stroke-miterlimit:2;\">\n    <g transform=\"matrix(1,0,0,1,-714.547,-574.229)\">\n        <path d=\"M727.974,629.243L782.504,629.243C783.993,629.243 785.224,628.112 785.354,626.632L786.844,586.512L753.114,586.512L748.431,577.172L729.134,577.172\" style=\"fill:none;stroke:rgb(72,71,81);stroke-width:2.63px;\"><\/path>\n        <path d=\"M780.493,622.532L776.868,592.763L743.24,592.763L737.24,583.596L717.49,583.596L723.313,625.191C723.64,627.516 725.629,629.246 727.977,629.246L782.479,629.246\" style=\"fill:none;stroke:rgb(72,71,81);stroke-width:2.63px;\"><\/path>\n        <path d=\"M737.228,603.747L762.882,603.747\" style=\"fill:none;stroke:rgb(72,71,81);stroke-width:2.63px;\"><\/path>\n        <path d=\"M751.868,612.622L762.882,612.622\" style=\"fill:none;stroke:rgb(72,71,81);stroke-width:2.63px;\"><\/path>\n        <path d=\"M737.228,612.622L745.243,612.622\" style=\"fill:none;stroke:rgb(72,71,81);stroke-width:2.63px;\"><\/path>\n    <\/g>\n<\/svg>\t\t\t\t<\/a>\n\t\t\t<\/div>\n\t\t\t\t\t\t<div class=\"elementor-icon-box-content\">\n\t\t\t\t<h3 class=\"elementor-icon-box-title\">\n\t\t\t\t\t<a href=\"https:\/\/www.zaphirogroup.com\/pt-pt\/noticias\/\" >\n\t\t\t\t\t\tNoticias\t\t\t\t\t<\/a>\n\t\t\t\t<\/h3>\n\t\t\t\t\t\t\t<\/div>\n\t\t<\/div>\n\t\t\t\t<\/div>\n\t\t\t\t<\/div>\n\t\t\t\t\t<\/div>\n\t\t<\/div>\n\t\t\t\t<div class=\"elementor-column elementor-col-33 elementor-inner-column elementor-element elementor-element-b1d63ef\" data-id=\"b1d63ef\" data-element_type=\"column\">\n\t\t\t<div class=\"elementor-widget-wrap elementor-element-populated\">\n\t\t\t\t\t\t\t\t<div class=\"elementor-element elementor-element-b937562 elementor-view-stacked iconos elementor-shape-circle elementor-position-top elementor-mobile-position-top elementor-widget elementor-widget-icon-box\" data-id=\"b937562\" data-element_type=\"widget\" data-widget_type=\"icon-box.default\">\n\t\t\t\t<div class=\"elementor-widget-container\">\n\t\t\t\t\t<div class=\"elementor-icon-box-wrapper\">\n\t\t\t\t\t\t<div class=\"elementor-icon-box-icon\">\n\t\t\t\t<a class=\"elementor-icon elementor-animation-shrink\" href=\"https:\/\/www.zaphirogroup.com\/pt-pt\/documentos\/\">\n\t\t\t\t<svg xmlns=\"http:\/\/www.w3.org\/2000\/svg\" xmlns:xlink=\"http:\/\/www.w3.org\/1999\/xlink\" xmlns:serif=\"http:\/\/www.serif.com\/\" width=\"100%\" height=\"100%\" viewBox=\"0 0 63 59\" xml:space=\"preserve\" style=\"fill-rule:evenodd;clip-rule:evenodd;stroke-linecap:square;stroke-miterlimit:2;\">\n    <g transform=\"matrix(1,0,0,1,-447.58,-573.991)\">\n        <path d=\"M480.656,580.674L453.593,607.738C449.5,611.83 449.5,618.464 453.593,622.556L457.452,626.415C461.544,630.507 468.178,630.507 472.271,626.415L504.495,594.191C507.747,590.94 507.747,585.667 504.495,582.415L501.452,579.372C498.2,576.121 492.928,576.121 489.676,579.372L463.238,605.81C460.211,608.836 460.211,613.745 463.238,616.771C466.265,619.798 471.172,619.798 474.199,616.771L495.476,595.495\" style=\"fill:none;stroke:rgb(72,71,81);stroke-width:2.63px;\"><\/path>\n    <\/g>\n<\/svg>\t\t\t\t<\/a>\n\t\t\t<\/div>\n\t\t\t\t\t\t<div class=\"elementor-icon-box-content\">\n\t\t\t\t<h3 class=\"elementor-icon-box-title\">\n\t\t\t\t\t<a href=\"https:\/\/www.zaphirogroup.com\/pt-pt\/documentos\/\" >\n\t\t\t\t\t\tFolletos e cat\u00e1logos\t\t\t\t\t<\/a>\n\t\t\t\t<\/h3>\n\t\t\t\t\t\t\t<\/div>\n\t\t<\/div>\n\t\t\t\t<\/div>\n\t\t\t\t<\/div>\n\t\t\t\t\t<\/div>\n\t\t<\/div>\n\t\t\t\t<div class=\"elementor-column elementor-col-33 elementor-inner-column elementor-element elementor-element-687da33\" data-id=\"687da33\" data-element_type=\"column\">\n\t\t\t<div class=\"elementor-widget-wrap elementor-element-populated\">\n\t\t\t\t\t\t\t\t<div class=\"elementor-element elementor-element-2122a89 elementor-view-stacked iconos elementor-shape-circle elementor-position-top elementor-mobile-position-top elementor-widget elementor-widget-icon-box\" data-id=\"2122a89\" data-element_type=\"widget\" data-widget_type=\"icon-box.default\">\n\t\t\t\t<div class=\"elementor-widget-container\">\n\t\t\t\t\t<div class=\"elementor-icon-box-wrapper\">\n\t\t\t\t\t\t<div class=\"elementor-icon-box-icon\">\n\t\t\t\t<a class=\"elementor-icon elementor-animation-shrink\" href=\"https:\/\/www.zaphirogroup.com\/pt-pt\/galeria-de-videos\/\">\n\t\t\t\t<svg xmlns=\"http:\/\/www.w3.org\/2000\/svg\" xmlns:xlink=\"http:\/\/www.w3.org\/1999\/xlink\" xmlns:serif=\"http:\/\/www.serif.com\/\" width=\"100%\" height=\"100%\" viewBox=\"0 0 72 72\" xml:space=\"preserve\" style=\"fill-rule:evenodd;clip-rule:evenodd;stroke-miterlimit:2;\">\n    <g transform=\"matrix(1,0,0,1,-716.568,-411.61)\">\n        <path d=\"M771.787,431.63C775.188,435.908 777.219,441.321 777.219,447.209C777.219,461.045 766.003,472.261 752.167,472.261C738.331,472.261 727.114,461.045 727.114,447.209C727.114,433.374 738.331,422.157 752.167,422.157C756.595,422.157 760.755,423.306 764.365,425.322C765.609,426.017 766.788,426.815 767.89,427.704\" style=\"fill:none;stroke:rgb(72,71,81);stroke-width:2.63px;\"><\/path>\n        <path d=\"M784.822,447.209C784.822,465.245 770.202,479.865 752.167,479.865C734.131,479.865 719.511,465.245 719.511,447.209C719.511,429.173 734.131,414.553 752.167,414.553C770.202,414.553 784.822,429.173 784.822,447.209Z\" style=\"fill:none;stroke:rgb(72,71,81);stroke-width:2.63px;\"><\/path>\n        <path d=\"M762.089,447.209L747.05,438.527L747.05,455.892L762.089,447.209Z\" style=\"fill:none;stroke:rgb(72,71,81);stroke-width:2.63px;\"><\/path>\n    <\/g>\n<\/svg>\t\t\t\t<\/a>\n\t\t\t<\/div>\n\t\t\t\t\t\t<div class=\"elementor-icon-box-content\">\n\t\t\t\t<h3 class=\"elementor-icon-box-title\">\n\t\t\t\t\t<a href=\"https:\/\/www.zaphirogroup.com\/pt-pt\/galeria-de-videos\/\" >\n\t\t\t\t\t\tVideos\t\t\t\t\t<\/a>\n\t\t\t\t<\/h3>\n\t\t\t\t\t\t\t<\/div>\n\t\t<\/div>\n\t\t\t\t<\/div>\n\t\t\t\t<\/div>\n\t\t\t\t\t<\/div>\n\t\t<\/div>\n\t\t\t\t\t\t\t<\/div>\n\t\t<\/section>\n\t\t\t\t<section class=\"elementor-section elementor-inner-section elementor-element elementor-element-a9b42ea elementor-section-boxed elementor-section-height-default elementor-section-height-default\" data-id=\"a9b42ea\" data-element_type=\"section\">\n\t\t\t\t\t\t<div class=\"elementor-container elementor-column-gap-default\">\n\t\t\t\t\t<div class=\"elementor-column elementor-col-33 elementor-inner-column elementor-element elementor-element-706d889\" data-id=\"706d889\" data-element_type=\"column\">\n\t\t\t<div class=\"elementor-widget-wrap elementor-element-populated\">\n\t\t\t\t\t\t\t\t<div class=\"elementor-element elementor-element-455bae8 elementor-view-stacked iconos elementor-shape-circle elementor-position-top elementor-mobile-position-top elementor-widget elementor-widget-icon-box\" data-id=\"455bae8\" data-element_type=\"widget\" data-widget_type=\"icon-box.default\">\n\t\t\t\t<div class=\"elementor-widget-container\">\n\t\t\t\t\t<div class=\"elementor-icon-box-wrapper\">\n\t\t\t\t\t\t<div class=\"elementor-icon-box-icon\">\n\t\t\t\t<a class=\"elementor-icon elementor-animation-shrink\" href=\"https:\/\/www.zaphirogroup.com\/pt-pt\/redes-sociales\/\">\n\t\t\t\t<svg xmlns=\"http:\/\/www.w3.org\/2000\/svg\" xmlns:xlink=\"http:\/\/www.w3.org\/1999\/xlink\" xmlns:serif=\"http:\/\/www.serif.com\/\" width=\"100%\" height=\"100%\" viewBox=\"0 0 73 76\" xml:space=\"preserve\" style=\"fill-rule:evenodd;clip-rule:evenodd;stroke-linecap:square;stroke-miterlimit:2;\">\n    <g transform=\"matrix(1,0,0,1,-426.675,-558.257)\">\n        <g transform=\"matrix(1,0,0,1,-16,-7)\">\n            <path d=\"M511.146,635.281L507.792,629.329L511.839,627.008L498.504,618.978L498.464,634.544L502.506,632.267L505.859,638.218L511.146,635.281Z\" style=\"fill:none;stroke:rgb(72,71,81);stroke-width:2.63px;\"><\/path>\n        <\/g>\n        <g transform=\"matrix(1,0,0,1,-16,-7)\">\n            <path d=\"M507.185,616.891C509.785,612.187 511.268,606.779 511.268,601.03C511.268,582.9 496.567,568.2 478.438,568.2C460.308,568.2 445.618,582.9 445.618,601.03C445.618,619.16 460.308,633.849 478.438,633.849C483.71,633.849 488.69,632.606 493.105,630.398\" style=\"fill:none;stroke:rgb(72,71,81);stroke-width:2.63px;\"><\/path>\n        <\/g>\n        <g transform=\"matrix(1,0,0,1,-16,-7)\">\n            <path d=\"M495.893,601.029C495.893,619.158 485.149,633.854 478.441,633.854C471.732,633.854 460.988,619.158 460.988,601.029C460.988,582.9 472.524,568.205 478.441,568.205C484.357,568.205 495.893,582.9 495.893,601.029Z\" style=\"fill:none;stroke:rgb(72,71,81);stroke-width:2.63px;\"><\/path>\n        <\/g>\n        <g transform=\"matrix(1,0,0,1,-16,-7)\">\n            <path d=\"M478.441,568.205L478.441,633.13\" style=\"fill:none;stroke:rgb(72,71,81);stroke-width:2.63px;\"><\/path>\n        <\/g>\n        <g transform=\"matrix(1,0,0,1,-16,-7)\">\n            <path d=\"M454.901,588.719L507.184,588.719\" style=\"fill:none;stroke:rgb(72,71,81);stroke-width:2.63px;\"><\/path>\n        <\/g>\n        <g transform=\"matrix(1,0,0,1,-16,-7)\">\n            <path d=\"M501.901,613.338L449.697,613.338\" style=\"fill:none;stroke:rgb(72,71,81);stroke-width:2.63px;\"><\/path>\n        <\/g>\n    <\/g>\n<\/svg>\t\t\t\t<\/a>\n\t\t\t<\/div>\n\t\t\t\t\t\t<div class=\"elementor-icon-box-content\">\n\t\t\t\t<h3 class=\"elementor-icon-box-title\">\n\t\t\t\t\t<a href=\"https:\/\/www.zaphirogroup.com\/pt-pt\/redes-sociales\/\" >\n\t\t\t\t\t\tRedes sociais\t\t\t\t\t<\/a>\n\t\t\t\t<\/h3>\n\t\t\t\t\t\t\t<\/div>\n\t\t<\/div>\n\t\t\t\t<\/div>\n\t\t\t\t<\/div>\n\t\t\t\t\t<\/div>\n\t\t<\/div>\n\t\t\t\t<div class=\"elementor-column elementor-col-33 elementor-inner-column elementor-element elementor-element-daef2a4\" data-id=\"daef2a4\" data-element_type=\"column\">\n\t\t\t<div class=\"elementor-widget-wrap elementor-element-populated\">\n\t\t\t\t\t\t\t\t<div class=\"elementor-element elementor-element-8e11d97 elementor-view-stacked iconos elementor-shape-circle elementor-position-top elementor-mobile-position-top elementor-widget elementor-widget-icon-box\" data-id=\"8e11d97\" data-element_type=\"widget\" data-widget_type=\"icon-box.default\">\n\t\t\t\t<div class=\"elementor-widget-container\">\n\t\t\t\t\t<div class=\"elementor-icon-box-wrapper\">\n\t\t\t\t\t\t<div class=\"elementor-icon-box-icon\">\n\t\t\t\t<a class=\"elementor-icon elementor-animation-shrink\" href=\"https:\/\/www.zaphirogroup.com\/pt-pt\/podcast\/\">\n\t\t\t\t<svg xmlns=\"http:\/\/www.w3.org\/2000\/svg\" xmlns:xlink=\"http:\/\/www.w3.org\/1999\/xlink\" xmlns:serif=\"http:\/\/www.serif.com\/\" width=\"100%\" height=\"100%\" viewBox=\"0 0 71 60\" xml:space=\"preserve\" style=\"fill-rule:evenodd;clip-rule:evenodd;stroke-linecap:square;stroke-miterlimit:2;\">\n    <g transform=\"matrix(1,0,0,1,-580.095,-261.613)\">\n        <path d=\"M591,305.597L583.038,305.597L583.038,276.823L596.918,276.823L596.918,305.595L625.082,317.863L625.082,264.556L602.448,274.415\" style=\"fill:none;stroke:rgb(72,71,81);stroke-width:2.63px;\"><\/path>\n        <path d=\"M631.06,274.415C640.324,274.415 647.857,281.947 647.857,291.212C647.857,300.469 640.324,308.001 631.06,308.001\" style=\"fill:none;stroke:rgb(72,71,81);stroke-width:2.63px;stroke-linecap:butt;\"><\/path>\n        <path d=\"M631.06,300.812C636.368,300.812 640.667,296.512 640.667,291.212C640.667,285.904 636.368,281.604 631.06,281.604\" style=\"fill:none;stroke:rgb(72,71,81);stroke-width:2.63px;stroke-linecap:butt;\"><\/path>\n    <\/g>\n<\/svg>\t\t\t\t<\/a>\n\t\t\t<\/div>\n\t\t\t\t\t\t<div class=\"elementor-icon-box-content\">\n\t\t\t\t<h3 class=\"elementor-icon-box-title\">\n\t\t\t\t\t<a href=\"https:\/\/www.zaphirogroup.com\/pt-pt\/podcast\/\" >\n\t\t\t\t\t\tPodcast\t\t\t\t\t<\/a>\n\t\t\t\t<\/h3>\n\t\t\t\t\t\t\t<\/div>\n\t\t<\/div>\n\t\t\t\t<\/div>\n\t\t\t\t<\/div>\n\t\t\t\t\t<\/div>\n\t\t<\/div>\n\t\t\t\t<div class=\"elementor-column elementor-col-33 elementor-inner-column elementor-element elementor-element-cb368b0\" data-id=\"cb368b0\" data-element_type=\"column\">\n\t\t\t<div class=\"elementor-widget-wrap elementor-element-populated\">\n\t\t\t\t\t\t\t\t<div class=\"elementor-element elementor-element-f6e8881 elementor-view-stacked iconos elementor-shape-circle elementor-position-top elementor-mobile-position-top elementor-widget elementor-widget-icon-box\" data-id=\"f6e8881\" data-element_type=\"widget\" data-widget_type=\"icon-box.default\">\n\t\t\t\t<div class=\"elementor-widget-container\">\n\t\t\t\t\t<div class=\"elementor-icon-box-wrapper\">\n\t\t\t\t\t\t<div class=\"elementor-icon-box-icon\">\n\t\t\t\t<a class=\"elementor-icon elementor-animation-shrink\" href=\"https:\/\/www.zaphirogroup.com\/pt-pt\/boletin-zaphiro\/\">\n\t\t\t\t<svg xmlns=\"http:\/\/www.w3.org\/2000\/svg\" xmlns:xlink=\"http:\/\/www.w3.org\/1999\/xlink\" xmlns:serif=\"http:\/\/www.serif.com\/\" width=\"100%\" height=\"100%\" viewBox=\"0 0 55 70\" xml:space=\"preserve\" style=\"fill-rule:evenodd;clip-rule:evenodd;stroke-linecap:square;stroke-miterlimit:2;\">\n    <g transform=\"matrix(1,0,0,1,-861.834,-100.218)\">\n        <rect x=\"864.777\" y=\"103.161\" width=\"43.162\" height=\"59.025\" style=\"fill:none;stroke:rgb(72,71,81);stroke-width:2.63px;\"><\/rect>\n        <path d=\"M899.259,124.477C899.259,131.602 893.483,137.378 886.358,137.378C879.233,137.378 873.458,131.602 873.458,124.477C873.458,117.353 879.233,111.577 886.358,111.577C893.483,111.577 899.259,117.353 899.259,124.477Z\" style=\"fill:none;stroke:rgb(72,71,81);stroke-width:2.3px;\"><\/path>\n        <path d=\"M893.122,124.477C893.122,131.585 889.364,135.481 887.45,137.003C886.802,137.52 885.91,137.525 885.257,137.013C883.341,135.514 879.595,131.664 879.595,124.477C879.595,117.394 883.326,113.501 885.245,111.967C885.902,111.443 886.809,111.448 887.462,111.978C889.379,113.535 893.122,117.472 893.122,124.477Z\" style=\"fill:none;stroke:rgb(72,71,81);stroke-width:2.3px;\"><\/path>\n        <path d=\"M886.358,112.211L886.358,136.744\" style=\"fill:none;stroke:rgb(72,71,81);stroke-width:2.3px;\"><\/path>\n        <path d=\"M898.158,120.773L874.559,120.773\" style=\"fill:none;stroke:rgb(72,71,81);stroke-width:2.3px;\"><\/path>\n        <path d=\"M898.158,128.182L874.559,128.182\" style=\"fill:none;stroke:rgb(72,71,81);stroke-width:2.3px;\"><\/path>\n        <path d=\"M873.977,145.788L898.74,145.788\" style=\"fill:none;stroke:rgb(72,71,81);stroke-width:2.63px;\"><\/path>\n        <path d=\"M880.147,152.192L892.569,152.192\" style=\"fill:none;stroke:rgb(72,71,81);stroke-width:2.63px;\"><\/path>\n        <path d=\"M912.994,107.642L912.994,167.258L869.06,167.258\" style=\"fill:none;stroke:rgb(72,71,81);stroke-width:2.63px;\"><\/path>\n    <\/g>\n<\/svg>\t\t\t\t<\/a>\n\t\t\t<\/div>\n\t\t\t\t\t\t<div class=\"elementor-icon-box-content\">\n\t\t\t\t<h3 class=\"elementor-icon-box-title\">\n\t\t\t\t\t<a href=\"https:\/\/www.zaphirogroup.com\/pt-pt\/boletin-zaphiro\/\" >\n\t\t\t\t\t\tBolet\u00edn Zaphiro\t\t\t\t\t<\/a>\n\t\t\t\t<\/h3>\n\t\t\t\t\t\t\t<\/div>\n\t\t<\/div>\n\t\t\t\t<\/div>\n\t\t\t\t<\/div>\n\t\t\t\t\t<\/div>\n\t\t<\/div>\n\t\t\t\t\t\t\t<\/div>\n\t\t<\/section>\n\t\t\t\t\t<\/div>\n\t\t<\/div>\n\t\t\t\t\t\t\t<\/div>\n\t\t<\/section>\n\t\t\t\t\t\t\t<\/div>\n\t\t","protected":false},"excerpt":{"rendered":"<p>Noticias Folletos e cat\u00e1logos Videos Redes sociais Podcast Bolet\u00edn Zaphiro<\/p>\n","protected":false},"author":1,"featured_media":0,"parent":0,"menu_order":0,"comment_status":"closed","ping_status":"closed","template":"","meta":{"site-sidebar-layout":"no-sidebar","site-content-layout":"page-builder","ast-global-header-display":"","ast-main-header-display":"","ast-hfb-above-header-display":"","ast-hfb-below-header-display":"","ast-hfb-mobile-header-display":"","site-post-title":"disabled","ast-breadcrumbs-content":"","ast-featured-img":"disabled","footer-sml-layout":"","theme-transparent-header-meta":"default","adv-header-id-meta":"","stick-header-meta":"default","header-above-stick-meta":"","header-main-stick-meta":"","header-below-stick-meta":""},"yoast_head":"<!-- This site is optimized with the Yoast SEO plugin v18.4.1 - https:\/\/yoast.com\/wordpress\/plugins\/seo\/ -->\n<title>Comunica\u00e7\u00e3o - zaphirogroup<\/title>\n<meta name=\"robots\" content=\"index, follow, max-snippet:-1, max-image-preview:large, max-video-preview:-1\" \/>\n<link rel=\"canonical\" href=\"https:\/\/www.zaphirogroup.com\/pt-pt\/comunicacion\/\" \/>\n<meta property=\"og:locale\" content=\"pt_PT\" \/>\n<meta property=\"og:type\" content=\"article\" \/>\n<meta property=\"og:title\" content=\"Comunica\u00e7\u00e3o - zaphirogroup\" \/>\n<meta property=\"og:description\" content=\"Noticias Folletos e cat\u00e1logos Videos Redes sociais Podcast Bolet\u00edn Zaphiro\" \/>\n<meta property=\"og:url\" content=\"https:\/\/www.zaphirogroup.com\/pt-pt\/comunicacion\/\" \/>\n<meta property=\"og:site_name\" content=\"zaphirogroup\" \/>\n<meta property=\"article:modified_time\" content=\"2022-02-04T11:51:12+00:00\" \/>\n<meta name=\"twitter:card\" content=\"summary_large_image\" \/>\n<script type=\"application\/ld+json\" class=\"yoast-schema-graph\">{\"@context\":\"https:\/\/schema.org\",\"@graph\":[{\"@type\":\"WebSite\",\"@id\":\"https:\/\/www.zaphirogroup.com\/#website\",\"url\":\"https:\/\/www.zaphirogroup.com\/\",\"name\":\"zaphirogroup\",\"description\":\"\",\"potentialAction\":[{\"@type\":\"SearchAction\",\"target\":{\"@type\":\"EntryPoint\",\"urlTemplate\":\"https:\/\/www.zaphirogroup.com\/?s={search_term_string}\"},\"query-input\":\"required name=search_term_string\"}],\"inLanguage\":\"pt-PT\"},{\"@type\":\"WebPage\",\"@id\":\"https:\/\/www.zaphirogroup.com\/pt-pt\/comunicacion\/#webpage\",\"url\":\"https:\/\/www.zaphirogroup.com\/pt-pt\/comunicacion\/\",\"name\":\"Comunica\u00e7\u00e3o - zaphirogroup\",\"isPartOf\":{\"@id\":\"https:\/\/www.zaphirogroup.com\/#website\"},\"datePublished\":\"2021-10-19T20:03:07+00:00\",\"dateModified\":\"2022-02-04T11:51:12+00:00\",\"breadcrumb\":{\"@id\":\"https:\/\/www.zaphirogroup.com\/pt-pt\/comunicacion\/#breadcrumb\"},\"inLanguage\":\"pt-PT\",\"potentialAction\":[{\"@type\":\"ReadAction\",\"target\":[\"https:\/\/www.zaphirogroup.com\/pt-pt\/comunicacion\/\"]}]},{\"@type\":\"BreadcrumbList\",\"@id\":\"https:\/\/www.zaphirogroup.com\/pt-pt\/comunicacion\/#breadcrumb\",\"itemListElement\":[{\"@type\":\"ListItem\",\"position\":1,\"name\":\"Portada\",\"item\":\"https:\/\/www.zaphirogroup.com\/pt-pt\/\"},{\"@type\":\"ListItem\",\"position\":2,\"name\":\"Comunica\u00e7\u00e3o\"}]}]}<\/script>\n<!-- \/ Yoast SEO plugin. -->","yoast_head_json":{"title":"Comunica\u00e7\u00e3o - zaphirogroup","robots":{"index":"index","follow":"follow","max-snippet":"max-snippet:-1","max-image-preview":"max-image-preview:large","max-video-preview":"max-video-preview:-1"},"canonical":"https:\/\/www.zaphirogroup.com\/pt-pt\/comunicacion\/","og_locale":"pt_PT","og_type":"article","og_title":"Comunica\u00e7\u00e3o - zaphirogroup","og_description":"Noticias Folletos e cat\u00e1logos Videos Redes sociais Podcast Bolet\u00edn Zaphiro","og_url":"https:\/\/www.zaphirogroup.com\/pt-pt\/comunicacion\/","og_site_name":"zaphirogroup","article_modified_time":"2022-02-04T11:51:12+00:00","twitter_card":"summary_large_image","schema":{"@context":"https:\/\/schema.org","@graph":[{"@type":"WebSite","@id":"https:\/\/www.zaphirogroup.com\/#website","url":"https:\/\/www.zaphirogroup.com\/","name":"zaphirogroup","description":"","potentialAction":[{"@type":"SearchAction","target":{"@type":"EntryPoint","urlTemplate":"https:\/\/www.zaphirogroup.com\/?s={search_term_string}"},"query-input":"required name=search_term_string"}],"inLanguage":"pt-PT"},{"@type":"WebPage","@id":"https:\/\/www.zaphirogroup.com\/pt-pt\/comunicacion\/#webpage","url":"https:\/\/www.zaphirogroup.com\/pt-pt\/comunicacion\/","name":"Comunica\u00e7\u00e3o - zaphirogroup","isPartOf":{"@id":"https:\/\/www.zaphirogroup.com\/#website"},"datePublished":"2021-10-19T20:03:07+00:00","dateModified":"2022-02-04T11:51:12+00:00","breadcrumb":{"@id":"https:\/\/www.zaphirogroup.com\/pt-pt\/comunicacion\/#breadcrumb"},"inLanguage":"pt-PT","potentialAction":[{"@type":"ReadAction","target":["https:\/\/www.zaphirogroup.com\/pt-pt\/comunicacion\/"]}]},{"@type":"BreadcrumbList","@id":"https:\/\/www.zaphirogroup.com\/pt-pt\/comunicacion\/#breadcrumb","itemListElement":[{"@type":"ListItem","position":1,"name":"Portada","item":"https:\/\/www.zaphirogroup.com\/pt-pt\/"},{"@type":"ListItem","position":2,"name":"Comunica\u00e7\u00e3o"}]}]}},"_links":{"self":[{"href":"https:\/\/www.zaphirogroup.com\/pt-pt\/wp-json\/wp\/v2\/pages\/8913"}],"collection":[{"href":"https:\/\/www.zaphirogroup.com\/pt-pt\/wp-json\/wp\/v2\/pages"}],"about":[{"href":"https:\/\/www.zaphirogroup.com\/pt-pt\/wp-json\/wp\/v2\/types\/page"}],"author":[{"embeddable":true,"href":"https:\/\/www.zaphirogroup.com\/pt-pt\/wp-json\/wp\/v2\/users\/1"}],"replies":[{"embeddable":true,"href":"https:\/\/www.zaphirogroup.com\/pt-pt\/wp-json\/wp\/v2\/comments?post=8913"}],"version-history":[{"count":6,"href":"https:\/\/www.zaphirogroup.com\/pt-pt\/wp-json\/wp\/v2\/pages\/8913\/revisions"}],"predecessor-version":[{"id":10764,"href":"https:\/\/www.zaphirogroup.com\/pt-pt\/wp-json\/wp\/v2\/pages\/8913\/revisions\/10764"}],"wp:attachment":[{"href":"https:\/\/www.zaphirogroup.com\/pt-pt\/wp-json\/wp\/v2\/media?parent=8913"}],"curies":[{"name":"wp","href":"https:\/\/api.w.org\/{rel}","templated":true}]}}