{"id":8920,"date":"2021-10-15T11:34:27","date_gmt":"2021-10-15T09:34:27","guid":{"rendered":"http:\/\/www.zaphirogroup.com\/galeria-de-videos\/"},"modified":"2022-03-07T16:15:05","modified_gmt":"2022-03-07T15:15:05","slug":"galeria-de-videos","status":"publish","type":"page","link":"https:\/\/www.zaphirogroup.com\/pt-pt\/galeria-de-videos\/","title":{"rendered":"Galeria de v\u00eddeo"},"content":{"rendered":"\t\t<div data-elementor-type=\"wp-page\" data-elementor-id=\"8920\" class=\"elementor elementor-8920 elementor-2724\">\n\t\t\t\t\t\t\t\t\t<section class=\"elementor-section elementor-top-section elementor-element elementor-element-f652fea elementor-section-boxed elementor-section-height-default elementor-section-height-default\" data-id=\"f652fea\" data-element_type=\"section\">\n\t\t\t\t\t\t<div class=\"elementor-container elementor-column-gap-default\">\n\t\t\t\t\t<div class=\"elementor-column elementor-col-100 elementor-top-column elementor-element elementor-element-8a91f40\" data-id=\"8a91f40\" data-element_type=\"column\">\n\t\t\t<div class=\"elementor-widget-wrap elementor-element-populated\">\n\t\t\t\t\t\t\t\t<div class=\"elementor-element elementor-element-419c2a7 elementor-widget elementor-widget-heading\" data-id=\"419c2a7\" data-element_type=\"widget\" data-widget_type=\"heading.default\">\n\t\t\t\t<div class=\"elementor-widget-container\">\n\t\t\t<style>\/*! elementor - v3.15.0 - 20-08-2023 *\/\n.elementor-heading-title{padding:0;margin:0;line-height:1}.elementor-widget-heading .elementor-heading-title[class*=elementor-size-]>a{color:inherit;font-size:inherit;line-height:inherit}.elementor-widget-heading .elementor-heading-title.elementor-size-small{font-size:15px}.elementor-widget-heading .elementor-heading-title.elementor-size-medium{font-size:19px}.elementor-widget-heading .elementor-heading-title.elementor-size-large{font-size:29px}.elementor-widget-heading .elementor-heading-title.elementor-size-xl{font-size:39px}.elementor-widget-heading .elementor-heading-title.elementor-size-xxl{font-size:59px}<\/style><h3 class=\"elementor-heading-title elementor-size-default\">D\u00ea uma olhada nos v\u00eddeos em nosso perfil do YouTube: v\u00eddeos de processo, detalhes de nossos produtos, not\u00edcias, etc.<\/h3>\t\t<\/div>\n\t\t\t\t<\/div>\n\t\t\t\t\t<\/div>\n\t\t<\/div>\n\t\t\t\t\t\t\t<\/div>\n\t\t<\/section>\n\t\t\t\t<section class=\"elementor-section elementor-top-section elementor-element elementor-element-520946d elementor-section-boxed elementor-section-height-default elementor-section-height-default\" data-id=\"520946d\" data-element_type=\"section\">\n\t\t\t\t\t\t<div class=\"elementor-container elementor-column-gap-default\">\n\t\t\t\t\t<div class=\"elementor-column elementor-col-33 elementor-top-column elementor-element elementor-element-42c73ce\" data-id=\"42c73ce\" data-element_type=\"column\">\n\t\t\t<div class=\"elementor-widget-wrap elementor-element-populated\">\n\t\t\t\t\t\t\t\t<div class=\"elementor-element elementor-element-b395744 elementor-widget elementor-widget-jet-video\" data-id=\"b395744\" data-element_type=\"widget\" data-widget_type=\"jet-video.default\">\n\t\t\t\t<div class=\"elementor-widget-container\">\n\t\t\t<div class=\"elementor-jet-video jet-elements\">\n<div class=\"jet-video jet-video--fa5-compat jet-video-aspect-ratio jet-video-aspect-ratio--16-9\" data-settings=\"{&quot;lightbox&quot;:false,&quot;autoplay&quot;:false}\"><iframe class=\"jet-video-iframe\" allowfullscreen title=\"Reprodutor de v\u00eddeo de youtube\" data-lazy-load=\"https:\/\/www.youtube-nocookie.com\/embed\/GzAVDCaP0ao?feature=oembed&amp;start&amp;end&amp;wmode=opaque&amp;autoplay=0&amp;loop=0&amp;controls=0&amp;mute=0&amp;rel=0&amp;modestbranding=0\" allow=\"autoplay;encrypted-media\"><\/iframe>\n<div class=\"jet-video__overlay jet-video__overlay--custom-bg\" style=\"background-image: url(https:\/\/i.ytimg.com\/vi\/GzAVDCaP0ao\/maxresdefault.jpg);\">\n<div class=\"jet-video__play-button\" role=\"button\"><span class=\"jet-elements-icon jet-video__play-button-icon\"><i aria-hidden=\"true\" class=\"fas fa-play\"><\/i><\/span>\t<span class=\"elementor-screen-only\">Play Video<\/span>\n<\/div>\n<\/div>\n<\/div>\n<\/div>\t\t<\/div>\n\t\t\t\t<\/div>\n\t\t\t\t\t<\/div>\n\t\t<\/div>\n\t\t\t\t<div class=\"elementor-column elementor-col-33 elementor-top-column elementor-element elementor-element-5a2d06f\" data-id=\"5a2d06f\" data-element_type=\"column\">\n\t\t\t<div class=\"elementor-widget-wrap elementor-element-populated\">\n\t\t\t\t\t\t\t\t<div class=\"elementor-element elementor-element-865693d elementor-widget elementor-widget-jet-video\" data-id=\"865693d\" data-element_type=\"widget\" data-widget_type=\"jet-video.default\">\n\t\t\t\t<div class=\"elementor-widget-container\">\n\t\t\t<div class=\"elementor-jet-video jet-elements\">\n<div class=\"jet-video jet-video--fa5-compat jet-video-aspect-ratio jet-video-aspect-ratio--16-9\" data-settings=\"{&quot;lightbox&quot;:false,&quot;autoplay&quot;:false}\"><iframe class=\"jet-video-iframe\" allowfullscreen title=\"Reprodutor de v\u00eddeo de youtube\" data-lazy-load=\"https:\/\/www.youtube-nocookie.com\/embed\/tZ7ZB19NPkg?feature=oembed&amp;start&amp;end&amp;wmode=opaque&amp;autoplay=0&amp;loop=0&amp;controls=0&amp;mute=0&amp;rel=0&amp;modestbranding=0\" allow=\"autoplay;encrypted-media\"><\/iframe>\n<div class=\"jet-video__overlay jet-video__overlay--custom-bg\" style=\"background-image: url(https:\/\/i.ytimg.com\/vi\/tZ7ZB19NPkg\/maxresdefault.jpg);\">\n<div class=\"jet-video__play-button\" role=\"button\"><span class=\"jet-elements-icon jet-video__play-button-icon\"><i aria-hidden=\"true\" class=\"fas fa-play\"><\/i><\/span>\t<span class=\"elementor-screen-only\">Play Video<\/span>\n<\/div>\n<\/div>\n<\/div>\n<\/div>\t\t<\/div>\n\t\t\t\t<\/div>\n\t\t\t\t\t<\/div>\n\t\t<\/div>\n\t\t\t\t<div class=\"elementor-column elementor-col-33 elementor-top-column elementor-element elementor-element-12b1421\" data-id=\"12b1421\" data-element_type=\"column\">\n\t\t\t<div class=\"elementor-widget-wrap elementor-element-populated\">\n\t\t\t\t\t\t\t\t<div class=\"elementor-element elementor-element-860ab03 elementor-widget elementor-widget-jet-video\" data-id=\"860ab03\" data-element_type=\"widget\" data-widget_type=\"jet-video.default\">\n\t\t\t\t<div class=\"elementor-widget-container\">\n\t\t\t<div class=\"elementor-jet-video jet-elements\">\n<div class=\"jet-video jet-video--fa5-compat jet-video-aspect-ratio jet-video-aspect-ratio--16-9\" data-settings=\"{&quot;lightbox&quot;:false,&quot;autoplay&quot;:false}\"><iframe class=\"jet-video-iframe\" allowfullscreen title=\"Reprodutor de v\u00eddeo de youtube\" data-lazy-load=\"https:\/\/www.youtube-nocookie.com\/embed\/P_t0t14EOpU?feature=oembed&amp;start&amp;end&amp;wmode=opaque&amp;autoplay=0&amp;loop=0&amp;controls=0&amp;mute=0&amp;rel=0&amp;modestbranding=0\" allow=\"autoplay;encrypted-media\"><\/iframe>\n<div class=\"jet-video__overlay jet-video__overlay--custom-bg\" style=\"background-image: url(https:\/\/i.ytimg.com\/vi\/P_t0t14EOpU\/maxresdefault.jpg);\">\n<div class=\"jet-video__play-button\" role=\"button\"><span class=\"jet-elements-icon jet-video__play-button-icon\"><i aria-hidden=\"true\" class=\"fas fa-play\"><\/i><\/span>\t<span class=\"elementor-screen-only\">Play Video<\/span>\n<\/div>\n<\/div>\n<\/div>\n<\/div>\t\t<\/div>\n\t\t\t\t<\/div>\n\t\t\t\t\t<\/div>\n\t\t<\/div>\n\t\t\t\t\t\t\t<\/div>\n\t\t<\/section>\n\t\t\t\t<section class=\"elementor-section elementor-top-section elementor-element elementor-element-68c1e83 elementor-section-boxed elementor-section-height-default elementor-section-height-default\" data-id=\"68c1e83\" data-element_type=\"section\">\n\t\t\t\t\t\t<div class=\"elementor-container elementor-column-gap-default\">\n\t\t\t\t\t<div class=\"elementor-column elementor-col-33 elementor-top-column elementor-element elementor-element-dc9c5e7\" data-id=\"dc9c5e7\" data-element_type=\"column\">\n\t\t\t<div class=\"elementor-widget-wrap elementor-element-populated\">\n\t\t\t\t\t\t\t\t<div class=\"elementor-element elementor-element-d060acc elementor-widget elementor-widget-jet-video\" data-id=\"d060acc\" data-element_type=\"widget\" data-widget_type=\"jet-video.default\">\n\t\t\t\t<div class=\"elementor-widget-container\">\n\t\t\t<div class=\"elementor-jet-video jet-elements\">\n<div class=\"jet-video jet-video--fa5-compat jet-video-aspect-ratio jet-video-aspect-ratio--16-9\" data-settings=\"{&quot;lightbox&quot;:false,&quot;autoplay&quot;:false}\"><iframe class=\"jet-video-iframe\" allowfullscreen title=\"Reprodutor de v\u00eddeo de youtube\" data-lazy-load=\"https:\/\/www.youtube-nocookie.com\/embed\/KoVNId14qWY?feature=oembed&amp;start&amp;end&amp;wmode=opaque&amp;autoplay=0&amp;loop=0&amp;controls=0&amp;mute=0&amp;rel=0&amp;modestbranding=0\" allow=\"autoplay;encrypted-media\"><\/iframe>\n<div class=\"jet-video__overlay jet-video__overlay--custom-bg\" style=\"background-image: url(https:\/\/i.ytimg.com\/vi\/KoVNId14qWY\/maxresdefault.jpg);\">\n<div class=\"jet-video__play-button\" role=\"button\"><span class=\"jet-elements-icon jet-video__play-button-icon\"><i aria-hidden=\"true\" class=\"fas fa-play\"><\/i><\/span>\t<span class=\"elementor-screen-only\">Play Video<\/span>\n<\/div>\n<\/div>\n<\/div>\n<\/div>\t\t<\/div>\n\t\t\t\t<\/div>\n\t\t\t\t\t<\/div>\n\t\t<\/div>\n\t\t\t\t<div class=\"elementor-column elementor-col-33 elementor-top-column elementor-element elementor-element-7b258ee\" data-id=\"7b258ee\" data-element_type=\"column\">\n\t\t\t<div class=\"elementor-widget-wrap elementor-element-populated\">\n\t\t\t\t\t\t\t\t<div class=\"elementor-element elementor-element-b9141a2 elementor-widget elementor-widget-jet-video\" data-id=\"b9141a2\" data-element_type=\"widget\" data-widget_type=\"jet-video.default\">\n\t\t\t\t<div class=\"elementor-widget-container\">\n\t\t\t<div class=\"elementor-jet-video jet-elements\">\n<div class=\"jet-video jet-video--fa5-compat jet-video-aspect-ratio jet-video-aspect-ratio--16-9\" data-settings=\"{&quot;lightbox&quot;:false,&quot;autoplay&quot;:false}\"><iframe class=\"jet-video-iframe\" allowfullscreen title=\"Reprodutor de v\u00eddeo de youtube\" data-lazy-load=\"https:\/\/www.youtube-nocookie.com\/embed\/FbxX9-LMY1c?feature=oembed&amp;start&amp;end&amp;wmode=opaque&amp;autoplay=0&amp;loop=0&amp;controls=0&amp;mute=0&amp;rel=0&amp;modestbranding=0\" allow=\"autoplay;encrypted-media\"><\/iframe>\n<div class=\"jet-video__overlay jet-video__overlay--custom-bg\" style=\"background-image: url(https:\/\/i.ytimg.com\/vi\/FbxX9-LMY1c\/maxresdefault.jpg);\">\n<div class=\"jet-video__play-button\" role=\"button\"><span class=\"jet-elements-icon jet-video__play-button-icon\"><i aria-hidden=\"true\" class=\"fas fa-play\"><\/i><\/span>\t<span class=\"elementor-screen-only\">Play Video<\/span>\n<\/div>\n<\/div>\n<\/div>\n<\/div>\t\t<\/div>\n\t\t\t\t<\/div>\n\t\t\t\t\t<\/div>\n\t\t<\/div>\n\t\t\t\t<div class=\"elementor-column elementor-col-33 elementor-top-column elementor-element elementor-element-fba91e7\" data-id=\"fba91e7\" data-element_type=\"column\">\n\t\t\t<div class=\"elementor-widget-wrap elementor-element-populated\">\n\t\t\t\t\t\t\t\t<div class=\"elementor-element elementor-element-dbc2cd3 elementor-widget elementor-widget-jet-video\" data-id=\"dbc2cd3\" data-element_type=\"widget\" data-widget_type=\"jet-video.default\">\n\t\t\t\t<div class=\"elementor-widget-container\">\n\t\t\t<div class=\"elementor-jet-video jet-elements\">\n<div class=\"jet-video jet-video--fa5-compat jet-video-aspect-ratio jet-video-aspect-ratio--16-9\" data-settings=\"{&quot;lightbox&quot;:false,&quot;autoplay&quot;:false}\"><iframe class=\"jet-video-iframe\" allowfullscreen title=\"Reprodutor de v\u00eddeo de youtube\" data-lazy-load=\"https:\/\/www.youtube-nocookie.com\/embed\/gQUXUIo9E9c?feature=oembed&amp;start&amp;end&amp;wmode=opaque&amp;autoplay=0&amp;loop=0&amp;controls=0&amp;mute=0&amp;rel=0&amp;modestbranding=0\" allow=\"autoplay;encrypted-media\"><\/iframe>\n<div class=\"jet-video__overlay jet-video__overlay--custom-bg\" style=\"background-image: url(https:\/\/i.ytimg.com\/vi\/gQUXUIo9E9c\/maxresdefault.jpg);\">\n<div class=\"jet-video__play-button\" role=\"button\"><span class=\"jet-elements-icon jet-video__play-button-icon\"><i aria-hidden=\"true\" class=\"fas fa-play\"><\/i><\/span>\t<span class=\"elementor-screen-only\">Play Video<\/span>\n<\/div>\n<\/div>\n<\/div>\n<\/div>\t\t<\/div>\n\t\t\t\t<\/div>\n\t\t\t\t\t<\/div>\n\t\t<\/div>\n\t\t\t\t\t\t\t<\/div>\n\t\t<\/section>\n\t\t\t\t<section class=\"elementor-section elementor-top-section elementor-element elementor-element-58ff3e0 elementor-section-boxed elementor-section-height-default elementor-section-height-default\" data-id=\"58ff3e0\" data-element_type=\"section\">\n\t\t\t\t\t\t<div class=\"elementor-container elementor-column-gap-default\">\n\t\t\t\t\t<div class=\"elementor-column elementor-col-33 elementor-top-column elementor-element elementor-element-61233e8\" data-id=\"61233e8\" data-element_type=\"column\">\n\t\t\t<div class=\"elementor-widget-wrap elementor-element-populated\">\n\t\t\t\t\t\t\t\t<div class=\"elementor-element elementor-element-403dc0f elementor-widget elementor-widget-jet-video\" data-id=\"403dc0f\" data-element_type=\"widget\" data-widget_type=\"jet-video.default\">\n\t\t\t\t<div class=\"elementor-widget-container\">\n\t\t\t<div class=\"elementor-jet-video jet-elements\">\n<div class=\"jet-video jet-video--fa5-compat jet-video-aspect-ratio jet-video-aspect-ratio--16-9\" data-settings=\"{&quot;lightbox&quot;:false,&quot;autoplay&quot;:false}\"><iframe class=\"jet-video-iframe\" allowfullscreen title=\"Reprodutor de v\u00eddeo de youtube\" data-lazy-load=\"https:\/\/www.youtube-nocookie.com\/embed\/7Ehd3hswEao?feature=oembed&amp;start&amp;end&amp;wmode=opaque&amp;autoplay=0&amp;loop=0&amp;controls=0&amp;mute=0&amp;rel=0&amp;modestbranding=0\" allow=\"autoplay;encrypted-media\"><\/iframe>\n<div class=\"jet-video__overlay jet-video__overlay--custom-bg\" style=\"background-image: url(https:\/\/i.ytimg.com\/vi\/7Ehd3hswEao\/maxresdefault.jpg);\">\n<div class=\"jet-video__play-button\" role=\"button\"><span class=\"jet-elements-icon jet-video__play-button-icon\"><i aria-hidden=\"true\" class=\"fas fa-play\"><\/i><\/span>\t<span class=\"elementor-screen-only\">Play Video<\/span>\n<\/div>\n<\/div>\n<\/div>\n<\/div>\t\t<\/div>\n\t\t\t\t<\/div>\n\t\t\t\t\t<\/div>\n\t\t<\/div>\n\t\t\t\t<div class=\"elementor-column elementor-col-33 elementor-top-column elementor-element elementor-element-e59fbb8\" data-id=\"e59fbb8\" data-element_type=\"column\">\n\t\t\t<div class=\"elementor-widget-wrap elementor-element-populated\">\n\t\t\t\t\t\t\t\t<div class=\"elementor-element elementor-element-71b373a elementor-widget elementor-widget-jet-video\" data-id=\"71b373a\" data-element_type=\"widget\" data-widget_type=\"jet-video.default\">\n\t\t\t\t<div class=\"elementor-widget-container\">\n\t\t\t<div class=\"elementor-jet-video jet-elements\">\n<div class=\"jet-video jet-video--fa5-compat jet-video-aspect-ratio jet-video-aspect-ratio--16-9\" data-settings=\"{&quot;lightbox&quot;:false,&quot;autoplay&quot;:false}\"><iframe class=\"jet-video-iframe\" allowfullscreen title=\"Reprodutor de v\u00eddeo de youtube\" data-lazy-load=\"https:\/\/www.youtube-nocookie.com\/embed\/rx8VRb4WwFg?feature=oembed&amp;start&amp;end&amp;wmode=opaque&amp;autoplay=0&amp;loop=0&amp;controls=0&amp;mute=0&amp;rel=0&amp;modestbranding=0\" allow=\"autoplay;encrypted-media\"><\/iframe>\n<div class=\"jet-video__overlay jet-video__overlay--custom-bg\" style=\"background-image: url(https:\/\/i.ytimg.com\/vi\/rx8VRb4WwFg\/maxresdefault.jpg);\">\n<div class=\"jet-video__play-button\" role=\"button\"><span class=\"jet-elements-icon jet-video__play-button-icon\"><i aria-hidden=\"true\" class=\"fas fa-play\"><\/i><\/span>\t<span class=\"elementor-screen-only\">Play Video<\/span>\n<\/div>\n<\/div>\n<\/div>\n<\/div>\t\t<\/div>\n\t\t\t\t<\/div>\n\t\t\t\t\t<\/div>\n\t\t<\/div>\n\t\t\t\t<div class=\"elementor-column elementor-col-33 elementor-top-column elementor-element elementor-element-743b29c\" data-id=\"743b29c\" data-element_type=\"column\">\n\t\t\t<div class=\"elementor-widget-wrap elementor-element-populated\">\n\t\t\t\t\t\t\t\t<div class=\"elementor-element elementor-element-0c2a201 elementor-widget elementor-widget-jet-video\" data-id=\"0c2a201\" data-element_type=\"widget\" data-widget_type=\"jet-video.default\">\n\t\t\t\t<div class=\"elementor-widget-container\">\n\t\t\t<div class=\"elementor-jet-video jet-elements\">\n<div class=\"jet-video jet-video--fa5-compat jet-video-aspect-ratio jet-video-aspect-ratio--16-9\" data-settings=\"{&quot;lightbox&quot;:false,&quot;autoplay&quot;:false}\"><iframe class=\"jet-video-iframe\" allowfullscreen title=\"Reprodutor de v\u00eddeo de youtube\" data-lazy-load=\"https:\/\/www.youtube-nocookie.com\/embed\/1X4fwaBBqGk?feature=oembed&amp;start&amp;end&amp;wmode=opaque&amp;autoplay=0&amp;loop=0&amp;controls=0&amp;mute=0&amp;rel=0&amp;modestbranding=0\" allow=\"autoplay;encrypted-media\"><\/iframe>\n<div class=\"jet-video__overlay jet-video__overlay--custom-bg\" style=\"background-image: url(https:\/\/i.ytimg.com\/vi\/1X4fwaBBqGk\/maxresdefault.jpg);\">\n<div class=\"jet-video__play-button\" role=\"button\"><span class=\"jet-elements-icon jet-video__play-button-icon\"><i aria-hidden=\"true\" class=\"fas fa-play\"><\/i><\/span>\t<span class=\"elementor-screen-only\">Play Video<\/span>\n<\/div>\n<\/div>\n<\/div>\n<\/div>\t\t<\/div>\n\t\t\t\t<\/div>\n\t\t\t\t\t<\/div>\n\t\t<\/div>\n\t\t\t\t\t\t\t<\/div>\n\t\t<\/section>\n\t\t\t\t<section class=\"elementor-section elementor-top-section elementor-element elementor-element-d151686 elementor-section-boxed elementor-section-height-default elementor-section-height-default\" data-id=\"d151686\" data-element_type=\"section\">\n\t\t\t\t\t\t<div class=\"elementor-container elementor-column-gap-default\">\n\t\t\t\t\t<div class=\"elementor-column elementor-col-100 elementor-top-column elementor-element elementor-element-a47c7b2\" data-id=\"a47c7b2\" data-element_type=\"column\">\n\t\t\t<div class=\"elementor-widget-wrap elementor-element-populated\">\n\t\t\t\t\t\t\t\t<div class=\"elementor-element elementor-element-0ed768f elementor-align-center elementor-widget elementor-widget-button\" data-id=\"0ed768f\" data-element_type=\"widget\" data-widget_type=\"button.default\">\n\t\t\t\t<div class=\"elementor-widget-container\">\n\t\t\t\t\t<div class=\"elementor-button-wrapper\">\n\t\t\t<a class=\"elementor-button elementor-button-link elementor-size-sm\" href=\"https:\/\/www.youtube.com\/c\/Zaphirogroup\/videos\" target=\"_blank\" rel=\"nofollow\">\n\t\t\t\t\t\t<span class=\"elementor-button-content-wrapper\">\n\t\t\t\t\t\t<span class=\"elementor-button-text\">Veja todos os v\u00eddeos do nosso canal<\/span>\n\t\t<\/span>\n\t\t\t\t\t<\/a>\n\t\t<\/div>\n\t\t\t\t<\/div>\n\t\t\t\t<\/div>\n\t\t\t\t\t<\/div>\n\t\t<\/div>\n\t\t\t\t\t\t\t<\/div>\n\t\t<\/section>\n\t\t\t\t\t\t\t<\/div>\n\t\t","protected":false},"excerpt":{"rendered":"<p>D\u00ea uma olhada nos v\u00eddeos em nosso perfil do YouTube: v\u00eddeos de processo, detalhes de nossos produtos, not\u00edcias, etc. Play Video Play Video Play Video Play Video Play Video Play Video Play Video Play Video Play Video Veja todos os v\u00eddeos do nosso canal<\/p>\n","protected":false},"author":1,"featured_media":0,"parent":0,"menu_order":0,"comment_status":"closed","ping_status":"closed","template":"","meta":{"site-sidebar-layout":"no-sidebar","site-content-layout":"page-builder","ast-global-header-display":"","ast-main-header-display":"","ast-hfb-above-header-display":"","ast-hfb-below-header-display":"","ast-hfb-mobile-header-display":"","site-post-title":"disabled","ast-breadcrumbs-content":"","ast-featured-img":"disabled","footer-sml-layout":"","theme-transparent-header-meta":"default","adv-header-id-meta":"","stick-header-meta":"default","header-above-stick-meta":"","header-main-stick-meta":"","header-below-stick-meta":""},"yoast_head":"<!-- This site is optimized with the Yoast SEO plugin v18.4.1 - https:\/\/yoast.com\/wordpress\/plugins\/seo\/ -->\n<title>Galeria de v\u00eddeo - zaphirogroup<\/title>\n<meta name=\"robots\" content=\"index, follow, max-snippet:-1, max-image-preview:large, max-video-preview:-1\" \/>\n<link rel=\"canonical\" href=\"https:\/\/www.zaphirogroup.com\/pt-pt\/galeria-de-videos\/\" \/>\n<meta property=\"og:locale\" content=\"pt_PT\" \/>\n<meta property=\"og:type\" content=\"article\" \/>\n<meta property=\"og:title\" content=\"Galeria de v\u00eddeo - zaphirogroup\" \/>\n<meta property=\"og:description\" content=\"D\u00ea uma olhada nos v\u00eddeos em nosso perfil do YouTube: v\u00eddeos de processo, detalhes de nossos produtos, not\u00edcias, etc. Play Video Play Video Play Video Play Video Play Video Play Video Play Video Play Video Play Video Veja todos os v\u00eddeos do nosso canal\" \/>\n<meta property=\"og:url\" content=\"https:\/\/www.zaphirogroup.com\/pt-pt\/galeria-de-videos\/\" \/>\n<meta property=\"og:site_name\" content=\"zaphirogroup\" \/>\n<meta property=\"article:modified_time\" content=\"2022-03-07T15:15:05+00:00\" \/>\n<meta name=\"twitter:card\" content=\"summary_large_image\" \/>\n<script type=\"application\/ld+json\" class=\"yoast-schema-graph\">{\"@context\":\"https:\/\/schema.org\",\"@graph\":[{\"@type\":\"WebSite\",\"@id\":\"https:\/\/www.zaphirogroup.com\/#website\",\"url\":\"https:\/\/www.zaphirogroup.com\/\",\"name\":\"zaphirogroup\",\"description\":\"\",\"potentialAction\":[{\"@type\":\"SearchAction\",\"target\":{\"@type\":\"EntryPoint\",\"urlTemplate\":\"https:\/\/www.zaphirogroup.com\/?s={search_term_string}\"},\"query-input\":\"required name=search_term_string\"}],\"inLanguage\":\"pt-PT\"},{\"@type\":\"WebPage\",\"@id\":\"https:\/\/www.zaphirogroup.com\/pt-pt\/galeria-de-videos\/#webpage\",\"url\":\"https:\/\/www.zaphirogroup.com\/pt-pt\/galeria-de-videos\/\",\"name\":\"Galeria de v\u00eddeo - zaphirogroup\",\"isPartOf\":{\"@id\":\"https:\/\/www.zaphirogroup.com\/#website\"},\"datePublished\":\"2021-10-15T09:34:27+00:00\",\"dateModified\":\"2022-03-07T15:15:05+00:00\",\"breadcrumb\":{\"@id\":\"https:\/\/www.zaphirogroup.com\/pt-pt\/galeria-de-videos\/#breadcrumb\"},\"inLanguage\":\"pt-PT\",\"potentialAction\":[{\"@type\":\"ReadAction\",\"target\":[\"https:\/\/www.zaphirogroup.com\/pt-pt\/galeria-de-videos\/\"]}]},{\"@type\":\"BreadcrumbList\",\"@id\":\"https:\/\/www.zaphirogroup.com\/pt-pt\/galeria-de-videos\/#breadcrumb\",\"itemListElement\":[{\"@type\":\"ListItem\",\"position\":1,\"name\":\"Portada\",\"item\":\"https:\/\/www.zaphirogroup.com\/pt-pt\/\"},{\"@type\":\"ListItem\",\"position\":2,\"name\":\"Galeria de v\u00eddeo\"}]}]}<\/script>\n<!-- \/ Yoast SEO plugin. -->","yoast_head_json":{"title":"Galeria de v\u00eddeo - zaphirogroup","robots":{"index":"index","follow":"follow","max-snippet":"max-snippet:-1","max-image-preview":"max-image-preview:large","max-video-preview":"max-video-preview:-1"},"canonical":"https:\/\/www.zaphirogroup.com\/pt-pt\/galeria-de-videos\/","og_locale":"pt_PT","og_type":"article","og_title":"Galeria de v\u00eddeo - zaphirogroup","og_description":"D\u00ea uma olhada nos v\u00eddeos em nosso perfil do YouTube: v\u00eddeos de processo, detalhes de nossos produtos, not\u00edcias, etc. Play Video Play Video Play Video Play Video Play Video Play Video Play Video Play Video Play Video Veja todos os v\u00eddeos do nosso canal","og_url":"https:\/\/www.zaphirogroup.com\/pt-pt\/galeria-de-videos\/","og_site_name":"zaphirogroup","article_modified_time":"2022-03-07T15:15:05+00:00","twitter_card":"summary_large_image","schema":{"@context":"https:\/\/schema.org","@graph":[{"@type":"WebSite","@id":"https:\/\/www.zaphirogroup.com\/#website","url":"https:\/\/www.zaphirogroup.com\/","name":"zaphirogroup","description":"","potentialAction":[{"@type":"SearchAction","target":{"@type":"EntryPoint","urlTemplate":"https:\/\/www.zaphirogroup.com\/?s={search_term_string}"},"query-input":"required name=search_term_string"}],"inLanguage":"pt-PT"},{"@type":"WebPage","@id":"https:\/\/www.zaphirogroup.com\/pt-pt\/galeria-de-videos\/#webpage","url":"https:\/\/www.zaphirogroup.com\/pt-pt\/galeria-de-videos\/","name":"Galeria de v\u00eddeo - zaphirogroup","isPartOf":{"@id":"https:\/\/www.zaphirogroup.com\/#website"},"datePublished":"2021-10-15T09:34:27+00:00","dateModified":"2022-03-07T15:15:05+00:00","breadcrumb":{"@id":"https:\/\/www.zaphirogroup.com\/pt-pt\/galeria-de-videos\/#breadcrumb"},"inLanguage":"pt-PT","potentialAction":[{"@type":"ReadAction","target":["https:\/\/www.zaphirogroup.com\/pt-pt\/galeria-de-videos\/"]}]},{"@type":"BreadcrumbList","@id":"https:\/\/www.zaphirogroup.com\/pt-pt\/galeria-de-videos\/#breadcrumb","itemListElement":[{"@type":"ListItem","position":1,"name":"Portada","item":"https:\/\/www.zaphirogroup.com\/pt-pt\/"},{"@type":"ListItem","position":2,"name":"Galeria de v\u00eddeo"}]}]}},"_links":{"self":[{"href":"https:\/\/www.zaphirogroup.com\/pt-pt\/wp-json\/wp\/v2\/pages\/8920"}],"collection":[{"href":"https:\/\/www.zaphirogroup.com\/pt-pt\/wp-json\/wp\/v2\/pages"}],"about":[{"href":"https:\/\/www.zaphirogroup.com\/pt-pt\/wp-json\/wp\/v2\/types\/page"}],"author":[{"embeddable":true,"href":"https:\/\/www.zaphirogroup.com\/pt-pt\/wp-json\/wp\/v2\/users\/1"}],"replies":[{"embeddable":true,"href":"https:\/\/www.zaphirogroup.com\/pt-pt\/wp-json\/wp\/v2\/comments?post=8920"}],"version-history":[{"count":14,"href":"https:\/\/www.zaphirogroup.com\/pt-pt\/wp-json\/wp\/v2\/pages\/8920\/revisions"}],"predecessor-version":[{"id":11148,"href":"https:\/\/www.zaphirogroup.com\/pt-pt\/wp-json\/wp\/v2\/pages\/8920\/revisions\/11148"}],"wp:attachment":[{"href":"https:\/\/www.zaphirogroup.com\/pt-pt\/wp-json\/wp\/v2\/media?parent=8920"}],"curies":[{"name":"wp","href":"https:\/\/api.w.org\/{rel}","templated":true}]}}