{"id":8925,"date":"2021-10-15T11:32:32","date_gmt":"2021-10-15T09:32:32","guid":{"rendered":"http:\/\/www.zaphirogroup.com\/documentos\/"},"modified":"2022-03-11T14:41:16","modified_gmt":"2022-03-11T13:41:16","slug":"documentos","status":"publish","type":"page","link":"https:\/\/www.zaphirogroup.com\/pt-pt\/documentos\/","title":{"rendered":"Brochuras e cat\u00e1logos"},"content":{"rendered":"\t\t<div data-elementor-type=\"wp-page\" data-elementor-id=\"8925\" class=\"elementor elementor-8925 elementor-2714\">\n\t\t\t\t\t\t\t\t\t<section class=\"elementor-section elementor-top-section elementor-element elementor-element-53d83f8 elementor-section-boxed elementor-section-height-default elementor-section-height-default\" data-id=\"53d83f8\" data-element_type=\"section\">\n\t\t\t\t\t\t<div class=\"elementor-container elementor-column-gap-default\">\n\t\t\t\t\t<div class=\"elementor-column elementor-col-100 elementor-top-column elementor-element elementor-element-3a982cc\" data-id=\"3a982cc\" data-element_type=\"column\">\n\t\t\t<div class=\"elementor-widget-wrap elementor-element-populated\">\n\t\t\t\t\t\t\t\t<div class=\"elementor-element elementor-element-29ed810 elementor-widget elementor-widget-heading\" data-id=\"29ed810\" data-element_type=\"widget\" data-widget_type=\"heading.default\">\n\t\t\t\t<div class=\"elementor-widget-container\">\n\t\t\t<style>\/*! elementor - v3.15.0 - 20-08-2023 *\/\n.elementor-heading-title{padding:0;margin:0;line-height:1}.elementor-widget-heading .elementor-heading-title[class*=elementor-size-]>a{color:inherit;font-size:inherit;line-height:inherit}.elementor-widget-heading .elementor-heading-title.elementor-size-small{font-size:15px}.elementor-widget-heading .elementor-heading-title.elementor-size-medium{font-size:19px}.elementor-widget-heading .elementor-heading-title.elementor-size-large{font-size:29px}.elementor-widget-heading .elementor-heading-title.elementor-size-xl{font-size:39px}.elementor-widget-heading .elementor-heading-title.elementor-size-xxl{font-size:59px}<\/style><h3 class=\"elementor-heading-title elementor-size-default\">Encontre aqui as nossas brochuras e cat\u00e1logos ZAPHIRO onde encontrar\u00e1 mais informa\u00e7\u00f5es sobre os produtos do seu interesse.<\/h3>\t\t<\/div>\n\t\t\t\t<\/div>\n\t\t\t\t\t<\/div>\n\t\t<\/div>\n\t\t\t\t\t\t\t<\/div>\n\t\t<\/section>\n\t\t\t\t<section class=\"elementor-section elementor-top-section elementor-element elementor-element-3d150aa elementor-section-boxed elementor-section-height-default elementor-section-height-default\" data-id=\"3d150aa\" data-element_type=\"section\">\n\t\t\t\t\t\t<div class=\"elementor-container elementor-column-gap-default\">\n\t\t\t\t\t<div class=\"elementor-column elementor-col-100 elementor-top-column elementor-element elementor-element-851b33a\" data-id=\"851b33a\" data-element_type=\"column\">\n\t\t\t<div class=\"elementor-widget-wrap elementor-element-populated\">\n\t\t\t\t\t\t\t\t<div class=\"elementor-element elementor-element-26ee670 elementor-widget elementor-widget-shortcode\" data-id=\"26ee670\" data-element_type=\"widget\" data-widget_type=\"shortcode.default\">\n\t\t\t\t<div class=\"elementor-widget-container\">\n\t\t\t\t\t<div class=\"elementor-shortcode\"><div class='w3eden'>\n    <div class=''>\n\n        \n        <div id=\"content_wpdm_package_1\">\n            <div class='row'><div class='col-lg-12 col-md-6 col-12'><!-- WPDM Link Template: Panel -->\n\n<div class=\"card\">\n    <div class=\"card-body\">\n        <div class=\"media\">\n            <a class=\"mr-3 img-48\" href=\"https:\/\/www.zaphirogroup.com\/pt-pt\/download\/flyer-discos-spyfoam\/\">\n                <img class='wpdm-thumb wpdm-thumb-96x96 wpdm-thumb-13980' src='https:\/\/www.zaphirogroup.com\/wp-content\/uploads\/wpdm-cache\/image-3-96x96.jpg' alt='FLYER DISCOS SPYFOAM' \/>\n            <\/a>\n            <div class=\"media-body\">\n                <h3 class=\"media-heading p-0 m-0\"><a href='https:\/\/www.zaphirogroup.com\/pt-pt\/download\/flyer-discos-spyfoam\/'>FLYER DISCOS SPYFOAM<\/a><\/h3>\n                <div class=\"meta text-white-50 text-small mt-1\"><i class=\"fas fa-hdd text-white-50\"><\/i> 2.66 MB <i class=\"ml-2 far fa-arrow-alt-circle-down text-white-50\"><\/i> 10 Downloads<\/div>\n            <\/div>\n        <\/div>\n    <\/div>\n    <div class=\"card-footer\"><div class=\"row\"><div style=\"line-height: 30px;\" class=\"col-6\"><i class=\"far fa-calendar\"><\/i> 23 de Outubro de 2025 <span class=\"wpdm_hide wpdm_remove_empty\"><i class=\"fas fa-code-branch ml-2\"><\/i> <\/span><\/div><div class=\"col-6 text-right align-right\"><a class='wpdm-download-link download-on-click btn btn-primary ' rel='nofollow' href='#' data-downloadurl=\"https:\/\/www.zaphirogroup.com\/pt-pt\/download\/flyer-discos-spyfoam\/?wpdmdl=13980&refresh=69e346489e3d71776502344\">Download<\/a><\/div><div style=\"clear: both\"><\/div><\/div><\/div>\n<\/div>\n<\/div><div class='col-lg-12 col-md-6 col-12'><!-- WPDM Link Template: Panel -->\n\n<div class=\"card\">\n    <div class=\"card-body\">\n        <div class=\"media\">\n            <a class=\"mr-3 img-48\" href=\"https:\/\/www.zaphirogroup.com\/pt-pt\/download\/flyer-discos-spyflex\/\">\n                <img class='wpdm-thumb wpdm-thumb-96x96 wpdm-thumb-13971' src='https:\/\/www.zaphirogroup.com\/wp-content\/uploads\/wpdm-cache\/image-4-96x96.jpg' alt='FLYER DISCOS SPYFLEX' \/>\n            <\/a>\n            <div class=\"media-body\">\n                <h3 class=\"media-heading p-0 m-0\"><a href='https:\/\/www.zaphirogroup.com\/pt-pt\/download\/flyer-discos-spyflex\/'>FLYER DISCOS SPYFLEX<\/a><\/h3>\n                <div class=\"meta text-white-50 text-small mt-1\"><i class=\"fas fa-hdd text-white-50\"><\/i> 2.99 MB <i class=\"ml-2 far fa-arrow-alt-circle-down text-white-50\"><\/i> 2 Downloads<\/div>\n            <\/div>\n        <\/div>\n    <\/div>\n    <div class=\"card-footer\"><div class=\"row\"><div style=\"line-height: 30px;\" class=\"col-6\"><i class=\"far fa-calendar\"><\/i> 23 de Outubro de 2025 <span class=\"wpdm_hide wpdm_remove_empty\"><i class=\"fas fa-code-branch ml-2\"><\/i> <\/span><\/div><div class=\"col-6 text-right align-right\"><a class='wpdm-download-link download-on-click btn btn-primary ' rel='nofollow' href='#' data-downloadurl=\"https:\/\/www.zaphirogroup.com\/pt-pt\/download\/flyer-discos-spyflex\/?wpdmdl=13971&refresh=69e34648a0ab41776502344\">Download<\/a><\/div><div style=\"clear: both\"><\/div><\/div><\/div>\n<\/div>\n<\/div><div class='col-lg-12 col-md-6 col-12'><!-- WPDM Link Template: Panel -->\n\n<div class=\"card\">\n    <div class=\"card-body\">\n        <div class=\"media\">\n            <a class=\"mr-3 img-48\" href=\"https:\/\/www.zaphirogroup.com\/pt-pt\/download\/flyer-buzo-polytec-air\/\">\n                <img class='wpdm-thumb wpdm-thumb-96x96 wpdm-thumb-13893' src='https:\/\/www.zaphirogroup.com\/wp-content\/uploads\/wpdm-cache\/7-96x96.jpg' alt='FLYER BUZO POLYTEC AIR' \/>\n            <\/a>\n            <div class=\"media-body\">\n                <h3 class=\"media-heading p-0 m-0\"><a href='https:\/\/www.zaphirogroup.com\/pt-pt\/download\/flyer-buzo-polytec-air\/'>FLYER BUZO POLYTEC AIR<\/a><\/h3>\n                <div class=\"meta text-white-50 text-small mt-1\"><i class=\"fas fa-hdd text-white-50\"><\/i> 7.68 MB <i class=\"ml-2 far fa-arrow-alt-circle-down text-white-50\"><\/i> 1 Downloads<\/div>\n            <\/div>\n        <\/div>\n    <\/div>\n    <div class=\"card-footer\"><div class=\"row\"><div style=\"line-height: 30px;\" class=\"col-6\"><i class=\"far fa-calendar\"><\/i> 26 de Agosto de 2025 <span class=\"wpdm_hide wpdm_remove_empty\"><i class=\"fas fa-code-branch ml-2\"><\/i> <\/span><\/div><div class=\"col-6 text-right align-right\"><a class='wpdm-download-link download-on-click btn btn-primary ' rel='nofollow' href='#' data-downloadurl=\"https:\/\/www.zaphirogroup.com\/pt-pt\/download\/flyer-buzo-polytec-air\/?wpdmdl=13893&refresh=69e34648a28631776502344\">Download<\/a><\/div><div style=\"clear: both\"><\/div><\/div><\/div>\n<\/div>\n<\/div><div class='col-lg-12 col-md-6 col-12'><!-- WPDM Link Template: Panel -->\n\n<div class=\"card\">\n    <div class=\"card-body\">\n        <div class=\"media\">\n            <a class=\"mr-3 img-48\" href=\"https:\/\/www.zaphirogroup.com\/pt-pt\/download\/flyer-buzo-airmaster-pro\/\">\n                <img class='wpdm-thumb wpdm-thumb-96x96 wpdm-thumb-13889' src='https:\/\/www.zaphirogroup.com\/wp-content\/uploads\/wpdm-cache\/8-96x96.jpg' alt='FLYER BUZO AIRMASTER PRO' \/>\n            <\/a>\n            <div class=\"media-body\">\n                <h3 class=\"media-heading p-0 m-0\"><a href='https:\/\/www.zaphirogroup.com\/pt-pt\/download\/flyer-buzo-airmaster-pro\/'>FLYER BUZO AIRMASTER PRO<\/a><\/h3>\n                <div class=\"meta text-white-50 text-small mt-1\"><i class=\"fas fa-hdd text-white-50\"><\/i> 7.41 MB <i class=\"ml-2 far fa-arrow-alt-circle-down text-white-50\"><\/i> 2 Downloads<\/div>\n            <\/div>\n        <\/div>\n    <\/div>\n    <div class=\"card-footer\"><div class=\"row\"><div style=\"line-height: 30px;\" class=\"col-6\"><i class=\"far fa-calendar\"><\/i> 26 de Agosto de 2025 <span class=\"wpdm_hide wpdm_remove_empty\"><i class=\"fas fa-code-branch ml-2\"><\/i> <\/span><\/div><div class=\"col-6 text-right align-right\"><a class='wpdm-download-link download-on-click btn btn-primary ' rel='nofollow' href='#' data-downloadurl=\"https:\/\/www.zaphirogroup.com\/pt-pt\/download\/flyer-buzo-airmaster-pro\/?wpdmdl=13889&refresh=69e34648a461c1776502344\">Download<\/a><\/div><div style=\"clear: both\"><\/div><\/div><\/div>\n<\/div>\n<\/div><div class='col-lg-12 col-md-6 col-12'><!-- WPDM Link Template: Panel -->\n\n<div class=\"card\">\n    <div class=\"card-body\">\n        <div class=\"media\">\n            <a class=\"mr-3 img-48\" href=\"https:\/\/www.zaphirogroup.com\/pt-pt\/download\/flyer-discos-spyrox\/\">\n                <img class='wpdm-thumb wpdm-thumb-96x96 wpdm-thumb-13651' src='https:\/\/www.zaphirogroup.com\/wp-content\/uploads\/wpdm-cache\/FLYER-DISCOS-SPYROX-scaled-96x96.jpg' alt='FLYER DISCOS SPYROX' \/>\n            <\/a>\n            <div class=\"media-body\">\n                <h3 class=\"media-heading p-0 m-0\"><a href='https:\/\/www.zaphirogroup.com\/pt-pt\/download\/flyer-discos-spyrox\/'>FLYER DISCOS SPYROX<\/a><\/h3>\n                <div class=\"meta text-white-50 text-small mt-1\"><i class=\"fas fa-hdd text-white-50\"><\/i> 3.08 MB <i class=\"ml-2 far fa-arrow-alt-circle-down text-white-50\"><\/i> 8 Downloads<\/div>\n            <\/div>\n        <\/div>\n    <\/div>\n    <div class=\"card-footer\"><div class=\"row\"><div style=\"line-height: 30px;\" class=\"col-6\"><i class=\"far fa-calendar\"><\/i> 15 de Janeiro de 2025 <span class=\"wpdm_hide wpdm_remove_empty\"><i class=\"fas fa-code-branch ml-2\"><\/i> <\/span><\/div><div class=\"col-6 text-right align-right\"><a class='wpdm-download-link download-on-click btn btn-primary ' rel='nofollow' href='#' data-downloadurl=\"https:\/\/www.zaphirogroup.com\/pt-pt\/download\/flyer-discos-spyrox\/?wpdmdl=13651&refresh=69e34648a64571776502344\">Download<\/a><\/div><div style=\"clear: both\"><\/div><\/div><\/div>\n<\/div>\n<\/div><\/div>            <div style='clear:both'><\/div><div class='text-center'><ul class='pagination wpdm-pagination pagination-centered text-center'><li><span aria-current=\"page\" class=\"page-numbers current\">1<\/span><\/li><li><a data-container='#content_wpdm_package_1' class=\"page-numbers\" href=\"https:\/\/www.zaphirogroup.com\/pt-pt\/wp-json\/wp\/v2\/pages\/8925\/?cp=2\">2<\/a><\/li><li><a data-container='#content_wpdm_package_1' class=\"page-numbers\" href=\"https:\/\/www.zaphirogroup.com\/pt-pt\/wp-json\/wp\/v2\/pages\/8925\/?cp=3\">3<\/a><\/li><li><span class=\"page-numbers dots\">&hellip;<\/span><\/li><li><a data-container='#content_wpdm_package_1' class=\"page-numbers\" href=\"https:\/\/www.zaphirogroup.com\/pt-pt\/wp-json\/wp\/v2\/pages\/8925\/?cp=9\">9<\/a><\/li><li><a data-container='#content_wpdm_package_1' class=\"page-numbers\" href=\"https:\/\/www.zaphirogroup.com\/pt-pt\/wp-json\/wp\/v2\/pages\/8925\/?cp=10\">10<\/a><\/li><li><a data-container='#content_wpdm_package_1' class=\"next page-numbers\" href=\"https:\/\/www.zaphirogroup.com\/pt-pt\/wp-json\/wp\/v2\/pages\/8925\/?cp=2\"> <i style=\"display: inline-block;width: 8px;height: 8px;border-right: 2px solid;border-top: 2px solid;transform: rotate(45deg);margin-left: -2px;margin-top: -2px;\"><\/i> <\/a><\/li><\/ul><\/div><div style='clear:both'><\/div>        <\/div>\n\n        <div style='clear:both'><\/div>\n    <\/div>\n<\/div>\n<\/div>\n\t\t\t\t<\/div>\n\t\t\t\t<\/div>\n\t\t\t\t\t<\/div>\n\t\t<\/div>\n\t\t\t\t\t\t\t<\/div>\n\t\t<\/section>\n\t\t\t\t\t\t\t<\/div>\n\t\t","protected":false},"excerpt":{"rendered":"<p>Encontre aqui as nossas brochuras e cat\u00e1logos ZAPHIRO onde encontrar\u00e1 mais informa\u00e7\u00f5es sobre os produtos do seu interesse.<\/p>\n","protected":false},"author":1,"featured_media":0,"parent":0,"menu_order":0,"comment_status":"closed","ping_status":"closed","template":"","meta":{"site-sidebar-layout":"no-sidebar","site-content-layout":"page-builder","ast-global-header-display":"","ast-main-header-display":"","ast-hfb-above-header-display":"","ast-hfb-below-header-display":"","ast-hfb-mobile-header-display":"","site-post-title":"disabled","ast-breadcrumbs-content":"","ast-featured-img":"disabled","footer-sml-layout":"","theme-transparent-header-meta":"default","adv-header-id-meta":"","stick-header-meta":"default","header-above-stick-meta":"","header-main-stick-meta":"","header-below-stick-meta":""},"yoast_head":"<!-- This site is optimized with the Yoast SEO plugin v18.4.1 - https:\/\/yoast.com\/wordpress\/plugins\/seo\/ -->\n<title>Brochuras e cat\u00e1logos - zaphirogroup<\/title>\n<meta name=\"robots\" content=\"index, follow, max-snippet:-1, max-image-preview:large, max-video-preview:-1\" \/>\n<link rel=\"canonical\" href=\"https:\/\/www.zaphirogroup.com\/pt-pt\/documentos\/\" \/>\n<meta property=\"og:locale\" content=\"pt_PT\" \/>\n<meta property=\"og:type\" content=\"article\" \/>\n<meta property=\"og:title\" content=\"Brochuras e cat\u00e1logos - zaphirogroup\" \/>\n<meta property=\"og:description\" content=\"Encontre aqui as nossas brochuras e cat\u00e1logos ZAPHIRO onde encontrar\u00e1 mais informa\u00e7\u00f5es sobre os produtos do seu interesse.\" \/>\n<meta property=\"og:url\" content=\"https:\/\/www.zaphirogroup.com\/pt-pt\/documentos\/\" \/>\n<meta property=\"og:site_name\" content=\"zaphirogroup\" \/>\n<meta property=\"article:modified_time\" content=\"2022-03-11T13:41:16+00:00\" \/>\n<meta name=\"twitter:card\" content=\"summary_large_image\" \/>\n<script type=\"application\/ld+json\" class=\"yoast-schema-graph\">{\"@context\":\"https:\/\/schema.org\",\"@graph\":[{\"@type\":\"WebSite\",\"@id\":\"https:\/\/www.zaphirogroup.com\/#website\",\"url\":\"https:\/\/www.zaphirogroup.com\/\",\"name\":\"zaphirogroup\",\"description\":\"\",\"potentialAction\":[{\"@type\":\"SearchAction\",\"target\":{\"@type\":\"EntryPoint\",\"urlTemplate\":\"https:\/\/www.zaphirogroup.com\/?s={search_term_string}\"},\"query-input\":\"required name=search_term_string\"}],\"inLanguage\":\"pt-PT\"},{\"@type\":\"WebPage\",\"@id\":\"https:\/\/www.zaphirogroup.com\/pt-pt\/documentos\/#webpage\",\"url\":\"https:\/\/www.zaphirogroup.com\/pt-pt\/documentos\/\",\"name\":\"Brochuras e cat\u00e1logos - zaphirogroup\",\"isPartOf\":{\"@id\":\"https:\/\/www.zaphirogroup.com\/#website\"},\"datePublished\":\"2021-10-15T09:32:32+00:00\",\"dateModified\":\"2022-03-11T13:41:16+00:00\",\"breadcrumb\":{\"@id\":\"https:\/\/www.zaphirogroup.com\/pt-pt\/documentos\/#breadcrumb\"},\"inLanguage\":\"pt-PT\",\"potentialAction\":[{\"@type\":\"ReadAction\",\"target\":[\"https:\/\/www.zaphirogroup.com\/pt-pt\/documentos\/\"]}]},{\"@type\":\"BreadcrumbList\",\"@id\":\"https:\/\/www.zaphirogroup.com\/pt-pt\/documentos\/#breadcrumb\",\"itemListElement\":[{\"@type\":\"ListItem\",\"position\":1,\"name\":\"Portada\",\"item\":\"https:\/\/www.zaphirogroup.com\/pt-pt\/\"},{\"@type\":\"ListItem\",\"position\":2,\"name\":\"Brochuras e cat\u00e1logos\"}]}]}<\/script>\n<!-- \/ Yoast SEO plugin. -->","yoast_head_json":{"title":"Brochuras e cat\u00e1logos - zaphirogroup","robots":{"index":"index","follow":"follow","max-snippet":"max-snippet:-1","max-image-preview":"max-image-preview:large","max-video-preview":"max-video-preview:-1"},"canonical":"https:\/\/www.zaphirogroup.com\/pt-pt\/documentos\/","og_locale":"pt_PT","og_type":"article","og_title":"Brochuras e cat\u00e1logos - zaphirogroup","og_description":"Encontre aqui as nossas brochuras e cat\u00e1logos ZAPHIRO onde encontrar\u00e1 mais informa\u00e7\u00f5es sobre os produtos do seu interesse.","og_url":"https:\/\/www.zaphirogroup.com\/pt-pt\/documentos\/","og_site_name":"zaphirogroup","article_modified_time":"2022-03-11T13:41:16+00:00","twitter_card":"summary_large_image","schema":{"@context":"https:\/\/schema.org","@graph":[{"@type":"WebSite","@id":"https:\/\/www.zaphirogroup.com\/#website","url":"https:\/\/www.zaphirogroup.com\/","name":"zaphirogroup","description":"","potentialAction":[{"@type":"SearchAction","target":{"@type":"EntryPoint","urlTemplate":"https:\/\/www.zaphirogroup.com\/?s={search_term_string}"},"query-input":"required name=search_term_string"}],"inLanguage":"pt-PT"},{"@type":"WebPage","@id":"https:\/\/www.zaphirogroup.com\/pt-pt\/documentos\/#webpage","url":"https:\/\/www.zaphirogroup.com\/pt-pt\/documentos\/","name":"Brochuras e cat\u00e1logos - zaphirogroup","isPartOf":{"@id":"https:\/\/www.zaphirogroup.com\/#website"},"datePublished":"2021-10-15T09:32:32+00:00","dateModified":"2022-03-11T13:41:16+00:00","breadcrumb":{"@id":"https:\/\/www.zaphirogroup.com\/pt-pt\/documentos\/#breadcrumb"},"inLanguage":"pt-PT","potentialAction":[{"@type":"ReadAction","target":["https:\/\/www.zaphirogroup.com\/pt-pt\/documentos\/"]}]},{"@type":"BreadcrumbList","@id":"https:\/\/www.zaphirogroup.com\/pt-pt\/documentos\/#breadcrumb","itemListElement":[{"@type":"ListItem","position":1,"name":"Portada","item":"https:\/\/www.zaphirogroup.com\/pt-pt\/"},{"@type":"ListItem","position":2,"name":"Brochuras e cat\u00e1logos"}]}]}},"_links":{"self":[{"href":"https:\/\/www.zaphirogroup.com\/pt-pt\/wp-json\/wp\/v2\/pages\/8925"}],"collection":[{"href":"https:\/\/www.zaphirogroup.com\/pt-pt\/wp-json\/wp\/v2\/pages"}],"about":[{"href":"https:\/\/www.zaphirogroup.com\/pt-pt\/wp-json\/wp\/v2\/types\/page"}],"author":[{"embeddable":true,"href":"https:\/\/www.zaphirogroup.com\/pt-pt\/wp-json\/wp\/v2\/users\/1"}],"replies":[{"embeddable":true,"href":"https:\/\/www.zaphirogroup.com\/pt-pt\/wp-json\/wp\/v2\/comments?post=8925"}],"version-history":[{"count":7,"href":"https:\/\/www.zaphirogroup.com\/pt-pt\/wp-json\/wp\/v2\/pages\/8925\/revisions"}],"predecessor-version":[{"id":11585,"href":"https:\/\/www.zaphirogroup.com\/pt-pt\/wp-json\/wp\/v2\/pages\/8925\/revisions\/11585"}],"wp:attachment":[{"href":"https:\/\/www.zaphirogroup.com\/pt-pt\/wp-json\/wp\/v2\/media?parent=8925"}],"curies":[{"name":"wp","href":"https:\/\/api.w.org\/{rel}","templated":true}]}}