{"id":8937,"date":"2021-10-13T21:46:30","date_gmt":"2021-10-13T19:46:30","guid":{"rendered":"http:\/\/www.zaphirogroup.com\/zaphiro\/la-marca\/"},"modified":"2022-03-04T12:32:48","modified_gmt":"2022-03-04T11:32:48","slug":"la-marca","status":"publish","type":"page","link":"https:\/\/www.zaphirogroup.com\/pt-pt\/zaphiro\/la-marca\/","title":{"rendered":"A marca"},"content":{"rendered":"\t\t<div data-elementor-type=\"wp-page\" data-elementor-id=\"8937\" class=\"elementor elementor-8937 elementor-1611\">\n\t\t\t\t\t\t\t\t\t<section class=\"elementor-section elementor-top-section elementor-element elementor-element-e8c2bb3 elementor-section-boxed elementor-section-height-default elementor-section-height-default\" data-id=\"e8c2bb3\" data-element_type=\"section\">\n\t\t\t\t\t\t<div class=\"elementor-container elementor-column-gap-default\">\n\t\t\t\t\t<div class=\"elementor-column elementor-col-50 elementor-top-column elementor-element elementor-element-7af6179\" data-id=\"7af6179\" data-element_type=\"column\">\n\t\t\t<div class=\"elementor-widget-wrap elementor-element-populated\">\n\t\t\t\t\t\t\t\t<div class=\"elementor-element elementor-element-dbf93bb elementor-widget elementor-widget-text-editor\" data-id=\"dbf93bb\" data-element_type=\"widget\" data-widget_type=\"text-editor.default\">\n\t\t\t\t<div class=\"elementor-widget-container\">\n\t\t\t<style>\/*! elementor - v3.15.0 - 20-08-2023 *\/\n.elementor-widget-text-editor.elementor-drop-cap-view-stacked .elementor-drop-cap{background-color:#69727d;color:#fff}.elementor-widget-text-editor.elementor-drop-cap-view-framed .elementor-drop-cap{color:#69727d;border:3px solid;background-color:transparent}.elementor-widget-text-editor:not(.elementor-drop-cap-view-default) .elementor-drop-cap{margin-top:8px}.elementor-widget-text-editor:not(.elementor-drop-cap-view-default) .elementor-drop-cap-letter{width:1em;height:1em}.elementor-widget-text-editor .elementor-drop-cap{float:left;text-align:center;line-height:1;font-size:50px}.elementor-widget-text-editor .elementor-drop-cap-letter{display:inline-block}<\/style>\t\t\t\t<p>A ZAPHIRO \u00e9 a marca especialmente criada com a finalidade de oferecer, \u00e0s oficinas, produtos de carro\u00e7aria que lhes permitam aumentar a sua rentabilidade.<\/p><p>A designa\u00e7\u00e3o ZAPHIRO PREMIUM assinala os produtos seleccionados do nosso cat\u00e1logo que se caracterizam por uma qualidade TOP. Todos eles s\u00e3o produtos que se destacam pelo mais elevado desempenho<\/p><p>Com a ZAPHIRO, os nossos clientes disp\u00f5em de produtos de primeira linha, por uns pre\u00e7os muito competitivos e que, al\u00e9m disso, proporcionam qualidade, rendimento, usabilidade e servi\u00e7o.<br \/>Antes de sa\u00edrem para o mercado, os produtos s\u00e3o testados pelos nossos t\u00e9cnicos, o que nos permite garantir a respectiva qualidade e, por conseguinte, aumentar a confian\u00e7a e satisfa\u00e7\u00e3o dos nossos clientes.<\/p><p>A nossa esfera de actua\u00e7\u00e3o centra-se nas oficinas de REPARA\u00c7\u00c3O DE AUTOM\u00d3VEIS, incluindo principalmente as sec\u00e7\u00f5es de chapa e pintura, nas quais podemos ofrecer desde um simples removedor de tinta ou uma fita adesiva at\u00e9 modernos sistemas de lixar, aspirar, secar, pistolas de tinta e seus respectivos lavadores.<\/p>\t\t\t\t\t\t<\/div>\n\t\t\t\t<\/div>\n\t\t\t\t\t<\/div>\n\t\t<\/div>\n\t\t\t\t<div class=\"elementor-column elementor-col-50 elementor-top-column elementor-element elementor-element-7cf080b\" data-id=\"7cf080b\" data-element_type=\"column\">\n\t\t\t<div class=\"elementor-widget-wrap elementor-element-populated\">\n\t\t\t\t\t\t\t\t<div class=\"elementor-element elementor-element-f8ded6b elementor-widget elementor-widget-image\" data-id=\"f8ded6b\" data-element_type=\"widget\" data-widget_type=\"image.default\">\n\t\t\t\t<div class=\"elementor-widget-container\">\n\t\t\t<style>\/*! elementor - v3.15.0 - 20-08-2023 *\/\n.elementor-widget-image{text-align:center}.elementor-widget-image a{display:inline-block}.elementor-widget-image a img[src$=\".svg\"]{width:48px}.elementor-widget-image img{vertical-align:middle;display:inline-block}<\/style>\t\t\t\t\t\t\t\t\t\t\t\t<img width=\"327\" height=\"400\" src=\"https:\/\/www.zaphirogroup.com\/wp-content\/uploads\/2021\/10\/imagen_escala_ancho-1.jpg\" class=\"attachment-large size-large wp-image-4208\" alt=\"\" loading=\"lazy\" srcset=\"https:\/\/www.zaphirogroup.com\/wp-content\/uploads\/2021\/10\/imagen_escala_ancho-1.jpg 327w, https:\/\/www.zaphirogroup.com\/wp-content\/uploads\/2021\/10\/imagen_escala_ancho-1-250x306.jpg 250w, https:\/\/www.zaphirogroup.com\/wp-content\/uploads\/2021\/10\/imagen_escala_ancho-1-245x300.jpg 245w\" sizes=\"(max-width: 327px) 100vw, 327px\" \/>\t\t\t\t\t\t\t\t\t\t\t\t\t\t\t<\/div>\n\t\t\t\t<\/div>\n\t\t\t\t\t<\/div>\n\t\t<\/div>\n\t\t\t\t\t\t\t<\/div>\n\t\t<\/section>\n\t\t\t\t\t\t\t<\/div>\n\t\t","protected":false},"excerpt":{"rendered":"<p>A ZAPHIRO \u00e9 a marca especialmente criada com a finalidade de oferecer, \u00e0s oficinas, produtos de carro\u00e7aria que lhes permitam aumentar a sua rentabilidade. A designa\u00e7\u00e3o ZAPHIRO PREMIUM assinala os produtos seleccionados do nosso cat\u00e1logo que se caracterizam por uma qualidade TOP. Todos eles s\u00e3o produtos que se destacam pelo mais elevado desempenho Com a &hellip;<\/p>\n<p class=\"read-more\"> <a class=\"\" href=\"https:\/\/www.zaphirogroup.com\/pt-pt\/zaphiro\/la-marca\/\"> <span class=\"screen-reader-text\">A marca<\/span> Read More &raquo;<\/a><\/p>\n","protected":false},"author":1,"featured_media":0,"parent":8915,"menu_order":0,"comment_status":"closed","ping_status":"closed","template":"","meta":{"site-sidebar-layout":"no-sidebar","site-content-layout":"page-builder","ast-global-header-display":"","ast-main-header-display":"","ast-hfb-above-header-display":"","ast-hfb-below-header-display":"","ast-hfb-mobile-header-display":"","site-post-title":"disabled","ast-breadcrumbs-content":"","ast-featured-img":"disabled","footer-sml-layout":"","theme-transparent-header-meta":"default","adv-header-id-meta":"","stick-header-meta":"default","header-above-stick-meta":"","header-main-stick-meta":"","header-below-stick-meta":""},"yoast_head":"<!-- This site is optimized with the Yoast SEO plugin v18.4.1 - https:\/\/yoast.com\/wordpress\/plugins\/seo\/ -->\n<title>A marca - zaphirogroup<\/title>\n<meta name=\"robots\" content=\"index, follow, max-snippet:-1, max-image-preview:large, max-video-preview:-1\" \/>\n<link rel=\"canonical\" href=\"https:\/\/www.zaphirogroup.com\/pt-pt\/zaphiro\/la-marca\/\" \/>\n<meta property=\"og:locale\" content=\"pt_PT\" \/>\n<meta property=\"og:type\" content=\"article\" \/>\n<meta property=\"og:title\" content=\"A marca - zaphirogroup\" \/>\n<meta property=\"og:description\" content=\"A ZAPHIRO \u00e9 a marca especialmente criada com a finalidade de oferecer, \u00e0s oficinas, produtos de carro\u00e7aria que lhes permitam aumentar a sua rentabilidade. A designa\u00e7\u00e3o ZAPHIRO PREMIUM assinala os produtos seleccionados do nosso cat\u00e1logo que se caracterizam por uma qualidade TOP. Todos eles s\u00e3o produtos que se destacam pelo mais elevado desempenho Com a &hellip; A marca Read More &raquo;\" \/>\n<meta property=\"og:url\" content=\"https:\/\/www.zaphirogroup.com\/pt-pt\/zaphiro\/la-marca\/\" \/>\n<meta property=\"og:site_name\" content=\"zaphirogroup\" \/>\n<meta property=\"article:modified_time\" content=\"2022-03-04T11:32:48+00:00\" \/>\n<meta property=\"og:image\" content=\"http:\/\/www.zaphirogroup.com\/wp-content\/uploads\/2021\/10\/imagen_escala_ancho-1.jpg\" \/>\n<meta name=\"twitter:card\" content=\"summary_large_image\" \/>\n<meta name=\"twitter:label1\" content=\"Tempo estimado de leitura\" \/>\n\t<meta name=\"twitter:data1\" content=\"1 minuto\" \/>\n<script type=\"application\/ld+json\" class=\"yoast-schema-graph\">{\"@context\":\"https:\/\/schema.org\",\"@graph\":[{\"@type\":\"WebSite\",\"@id\":\"https:\/\/www.zaphirogroup.com\/#website\",\"url\":\"https:\/\/www.zaphirogroup.com\/\",\"name\":\"zaphirogroup\",\"description\":\"\",\"potentialAction\":[{\"@type\":\"SearchAction\",\"target\":{\"@type\":\"EntryPoint\",\"urlTemplate\":\"https:\/\/www.zaphirogroup.com\/?s={search_term_string}\"},\"query-input\":\"required name=search_term_string\"}],\"inLanguage\":\"pt-PT\"},{\"@type\":\"ImageObject\",\"@id\":\"https:\/\/www.zaphirogroup.com\/pt-pt\/zaphiro\/la-marca\/#primaryimage\",\"inLanguage\":\"pt-PT\",\"url\":\"http:\/\/www.zaphirogroup.com\/wp-content\/uploads\/2021\/10\/imagen_escala_ancho-1.jpg\",\"contentUrl\":\"http:\/\/www.zaphirogroup.com\/wp-content\/uploads\/2021\/10\/imagen_escala_ancho-1.jpg\"},{\"@type\":\"WebPage\",\"@id\":\"https:\/\/www.zaphirogroup.com\/pt-pt\/zaphiro\/la-marca\/#webpage\",\"url\":\"https:\/\/www.zaphirogroup.com\/pt-pt\/zaphiro\/la-marca\/\",\"name\":\"A marca - zaphirogroup\",\"isPartOf\":{\"@id\":\"https:\/\/www.zaphirogroup.com\/#website\"},\"primaryImageOfPage\":{\"@id\":\"https:\/\/www.zaphirogroup.com\/pt-pt\/zaphiro\/la-marca\/#primaryimage\"},\"datePublished\":\"2021-10-13T19:46:30+00:00\",\"dateModified\":\"2022-03-04T11:32:48+00:00\",\"breadcrumb\":{\"@id\":\"https:\/\/www.zaphirogroup.com\/pt-pt\/zaphiro\/la-marca\/#breadcrumb\"},\"inLanguage\":\"pt-PT\",\"potentialAction\":[{\"@type\":\"ReadAction\",\"target\":[\"https:\/\/www.zaphirogroup.com\/pt-pt\/zaphiro\/la-marca\/\"]}]},{\"@type\":\"BreadcrumbList\",\"@id\":\"https:\/\/www.zaphirogroup.com\/pt-pt\/zaphiro\/la-marca\/#breadcrumb\",\"itemListElement\":[{\"@type\":\"ListItem\",\"position\":1,\"name\":\"Portada\",\"item\":\"https:\/\/www.zaphirogroup.com\/pt-pt\/\"},{\"@type\":\"ListItem\",\"position\":2,\"name\":\"Zaphiro\",\"item\":\"https:\/\/www.zaphirogroup.com\/pt-pt\/zaphiro\/\"},{\"@type\":\"ListItem\",\"position\":3,\"name\":\"A marca\"}]}]}<\/script>\n<!-- \/ Yoast SEO plugin. -->","yoast_head_json":{"title":"A marca - zaphirogroup","robots":{"index":"index","follow":"follow","max-snippet":"max-snippet:-1","max-image-preview":"max-image-preview:large","max-video-preview":"max-video-preview:-1"},"canonical":"https:\/\/www.zaphirogroup.com\/pt-pt\/zaphiro\/la-marca\/","og_locale":"pt_PT","og_type":"article","og_title":"A marca - zaphirogroup","og_description":"A ZAPHIRO \u00e9 a marca especialmente criada com a finalidade de oferecer, \u00e0s oficinas, produtos de carro\u00e7aria que lhes permitam aumentar a sua rentabilidade. A designa\u00e7\u00e3o ZAPHIRO PREMIUM assinala os produtos seleccionados do nosso cat\u00e1logo que se caracterizam por uma qualidade TOP. Todos eles s\u00e3o produtos que se destacam pelo mais elevado desempenho Com a &hellip; A marca Read More &raquo;","og_url":"https:\/\/www.zaphirogroup.com\/pt-pt\/zaphiro\/la-marca\/","og_site_name":"zaphirogroup","article_modified_time":"2022-03-04T11:32:48+00:00","og_image":[{"url":"http:\/\/www.zaphirogroup.com\/wp-content\/uploads\/2021\/10\/imagen_escala_ancho-1.jpg"}],"twitter_card":"summary_large_image","twitter_misc":{"Tempo estimado de leitura":"1 minuto"},"schema":{"@context":"https:\/\/schema.org","@graph":[{"@type":"WebSite","@id":"https:\/\/www.zaphirogroup.com\/#website","url":"https:\/\/www.zaphirogroup.com\/","name":"zaphirogroup","description":"","potentialAction":[{"@type":"SearchAction","target":{"@type":"EntryPoint","urlTemplate":"https:\/\/www.zaphirogroup.com\/?s={search_term_string}"},"query-input":"required name=search_term_string"}],"inLanguage":"pt-PT"},{"@type":"ImageObject","@id":"https:\/\/www.zaphirogroup.com\/pt-pt\/zaphiro\/la-marca\/#primaryimage","inLanguage":"pt-PT","url":"http:\/\/www.zaphirogroup.com\/wp-content\/uploads\/2021\/10\/imagen_escala_ancho-1.jpg","contentUrl":"http:\/\/www.zaphirogroup.com\/wp-content\/uploads\/2021\/10\/imagen_escala_ancho-1.jpg"},{"@type":"WebPage","@id":"https:\/\/www.zaphirogroup.com\/pt-pt\/zaphiro\/la-marca\/#webpage","url":"https:\/\/www.zaphirogroup.com\/pt-pt\/zaphiro\/la-marca\/","name":"A marca - zaphirogroup","isPartOf":{"@id":"https:\/\/www.zaphirogroup.com\/#website"},"primaryImageOfPage":{"@id":"https:\/\/www.zaphirogroup.com\/pt-pt\/zaphiro\/la-marca\/#primaryimage"},"datePublished":"2021-10-13T19:46:30+00:00","dateModified":"2022-03-04T11:32:48+00:00","breadcrumb":{"@id":"https:\/\/www.zaphirogroup.com\/pt-pt\/zaphiro\/la-marca\/#breadcrumb"},"inLanguage":"pt-PT","potentialAction":[{"@type":"ReadAction","target":["https:\/\/www.zaphirogroup.com\/pt-pt\/zaphiro\/la-marca\/"]}]},{"@type":"BreadcrumbList","@id":"https:\/\/www.zaphirogroup.com\/pt-pt\/zaphiro\/la-marca\/#breadcrumb","itemListElement":[{"@type":"ListItem","position":1,"name":"Portada","item":"https:\/\/www.zaphirogroup.com\/pt-pt\/"},{"@type":"ListItem","position":2,"name":"Zaphiro","item":"https:\/\/www.zaphirogroup.com\/pt-pt\/zaphiro\/"},{"@type":"ListItem","position":3,"name":"A marca"}]}]}},"_links":{"self":[{"href":"https:\/\/www.zaphirogroup.com\/pt-pt\/wp-json\/wp\/v2\/pages\/8937"}],"collection":[{"href":"https:\/\/www.zaphirogroup.com\/pt-pt\/wp-json\/wp\/v2\/pages"}],"about":[{"href":"https:\/\/www.zaphirogroup.com\/pt-pt\/wp-json\/wp\/v2\/types\/page"}],"author":[{"embeddable":true,"href":"https:\/\/www.zaphirogroup.com\/pt-pt\/wp-json\/wp\/v2\/users\/1"}],"replies":[{"embeddable":true,"href":"https:\/\/www.zaphirogroup.com\/pt-pt\/wp-json\/wp\/v2\/comments?post=8937"}],"version-history":[{"count":7,"href":"https:\/\/www.zaphirogroup.com\/pt-pt\/wp-json\/wp\/v2\/pages\/8937\/revisions"}],"predecessor-version":[{"id":11086,"href":"https:\/\/www.zaphirogroup.com\/pt-pt\/wp-json\/wp\/v2\/pages\/8937\/revisions\/11086"}],"up":[{"embeddable":true,"href":"https:\/\/www.zaphirogroup.com\/pt-pt\/wp-json\/wp\/v2\/pages\/8915"}],"wp:attachment":[{"href":"https:\/\/www.zaphirogroup.com\/pt-pt\/wp-json\/wp\/v2\/media?parent=8937"}],"curies":[{"name":"wp","href":"https:\/\/api.w.org\/{rel}","templated":true}]}}